{"id":2562,"date":"2025-12-20T09:30:35","date_gmt":"2025-12-20T09:30:35","guid":{"rendered":"https:\/\/gulserenongun.com\/?page_id=2562"},"modified":"2025-12-20T09:31:33","modified_gmt":"2025-12-20T09:31:33","slug":"construction-and-energy-law","status":"publish","type":"page","link":"https:\/\/gulserenongun.com\/en\/insaat-ve-enerji-hukuku\/","title":{"rendered":"Construction and Energy Law"},"content":{"rendered":"<div data-elementor-type=\"wp-page\" data-elementor-id=\"2562\" class=\"elementor elementor-2562\">\n\t\t\t\t<div class=\"elementor-element elementor-element-3002b3bf e-flex e-con-boxed e-con e-parent\" data-id=\"3002b3bf\" data-element_type=\"container\" data-e-type=\"container\">\n\t\t\t\t\t<div class=\"e-con-inner\">\n\t\t\t\t<div class=\"elementor-element elementor-element-149a8021 elementor-widget elementor-widget-html\" data-id=\"149a8021\" data-element_type=\"widget\" data-e-type=\"widget\" data-widget_type=\"html.default\">\n\t\t\t\t\t<div class=\"policy-doc\">\r\n    <h2>Construction and Energy Law<\/h2>\r\n    \r\n    \r\n    We provide comprehensive legal support to our clients in the drafting, interpretation, and negotiation\nof contracts pertaining to construction and energy projects, including standard-form agreements such\nas FIDIC and NEC, as well as custom-tailored contractual arrangements. Our services encompass\nlegal assessment and risk analysis concerning project development structures\u2014including EPC\n(Engineering, Procurement, and Construction), EPCM (Engineering, Procurement, and Construction\nManagement), and Build-Operate-Transfer (BOT) models\u2014as well as energy trading agreements.\r\n\r\n    <br><br>\r\n    \r\n    Additionally, we actively assist our clients throughout the construction lifecycle in claim management,\ndelay and cost-impact analyses, dispute avoidance and resolution mechanisms\u2014including Dispute\nAdjudication Boards (DABs) and Dispute Avoidance\/Adjudication Boards (DAABs)\u2014and pre-\narbitration settlement procedures. Where necessary, we represent clients in arbitration proceedings and\nlitigation.\r\n\r\n    <br><br>\r\n    \r\n    In the realm of real estate, we offer legal advisory services covering development, acquisition, leasing,\nand project financing, including the preparation of transactional documentation and management of\nrelated administrative and regulatory formalities.\r\n\r\n    <br><br>\r\n    \r\n    Our overarching objective is to enable our clients operating in these sectors to manage their\ncontractual relationships and dispute resolution processes in a legally sound, predictable, and\nstrategically optimized manner.\r\n\r\n    \r\n\r\n    \r\n    \r\n<\/div>\r\n\t\t\t\t<\/div>\n\t\t\t\t\t<\/div>\n\t\t\t\t<\/div>\n\t\t<div class=\"elementor-element elementor-element-8faf8df e-con-full e-flex e-con e-parent\" data-id=\"8faf8df\" data-element_type=\"container\" data-e-type=\"container\">\n\t\t\t\t<div class=\"elementor-element elementor-element-4e20eb2c elementor-widget elementor-widget-image\" data-id=\"4e20eb2c\" data-element_type=\"widget\" data-e-type=\"widget\" data-widget_type=\"image.default\">\n\t\t\t\t\t\t\t\t\t\t\t\t\t\t\t<img fetchpriority=\"high\" decoding=\"async\" width=\"1419\" height=\"1069\" src=\"https:\/\/gulserenongun.com\/wp-content\/uploads\/2025\/10\/res1a.jpg\" class=\"attachment-full size-full wp-image-1887\" alt=\"\" srcset=\"https:\/\/gulserenongun.com\/wp-content\/uploads\/2025\/10\/res1a.jpg 1419w, https:\/\/gulserenongun.com\/wp-content\/uploads\/2025\/10\/res1a-300x226.jpg 300w, https:\/\/gulserenongun.com\/wp-content\/uploads\/2025\/10\/res1a-1024x771.jpg 1024w, https:\/\/gulserenongun.com\/wp-content\/uploads\/2025\/10\/res1a-768x579.jpg 768w, https:\/\/gulserenongun.com\/wp-content\/uploads\/2025\/10\/res1a-16x12.jpg 16w\" sizes=\"(max-width: 1419px) 100vw, 1419px\" \/>\t\t\t\t\t\t\t\t\t\t\t\t\t\t\t<\/div>\n\t\t\t\t<\/div>\n\t\t\t\t<\/div>","protected":false},"excerpt":{"rendered":"<p>\u0130n\u015faat ve Enerji Hukuku \u0130n\u015faat ve enerji projelerine ili\u015fkin s\u00f6zle\u015fmelerin (FIDIC, NEC ve \u00f6zel tip s\u00f6zle\u015fmeler dahil) haz\u0131rlanmas\u0131, yorumlanmas\u0131 ve [&hellip;]<\/p>\n","protected":false},"author":1,"featured_media":0,"parent":0,"menu_order":0,"comment_status":"closed","ping_status":"closed","template":"","meta":{"site-sidebar-layout":"no-sidebar","site-content-layout":"","ast-site-content-layout":"full-width-container","site-content-style":"default","site-sidebar-style":"default","ast-global-header-display":"","ast-banner-title-visibility":"","ast-main-header-display":"","ast-hfb-above-header-display":"","ast-hfb-below-header-display":"","ast-hfb-mobile-header-display":"","site-post-title":"disabled","ast-breadcrumbs-content":"","ast-featured-img":"disabled","footer-sml-layout":"","ast-disable-related-posts":"","theme-transparent-header-meta":"","adv-header-id-meta":"","stick-header-meta":"","header-above-stick-meta":"","header-main-stick-meta":"","header-below-stick-meta":"","astra-migrate-meta-layouts":"default","ast-page-background-enabled":"default","ast-page-background-meta":{"desktop":{"background-color":"var(--ast-global-color-5)","background-image":"","background-repeat":"repeat","background-position":"center center","background-size":"auto","background-attachment":"scroll","background-type":"","background-media":"","overlay-type":"","overlay-color":"","overlay-opacity":"","overlay-gradient":""},"tablet":{"background-color":"","background-image":"","background-repeat":"repeat","background-position":"center center","background-size":"auto","background-attachment":"scroll","background-type":"","background-media":"","overlay-type":"","overlay-color":"","overlay-opacity":"","overlay-gradient":""},"mobile":{"background-color":"","background-image":"","background-repeat":"repeat","background-position":"center center","background-size":"auto","background-attachment":"scroll","background-type":"","background-media":"","overlay-type":"","overlay-color":"","overlay-opacity":"","overlay-gradient":""}},"ast-content-background-meta":{"desktop":{"background-color":"var(--ast-global-color-4)","background-image":"","background-repeat":"repeat","background-position":"center center","background-size":"auto","background-attachment":"scroll","background-type":"","background-media":"","overlay-type":"","overlay-color":"","overlay-opacity":"","overlay-gradient":""},"tablet":{"background-color":"var(--ast-global-color-4)","background-image":"","background-repeat":"repeat","background-position":"center center","background-size":"auto","background-attachment":"scroll","background-type":"","background-media":"","overlay-type":"","overlay-color":"","overlay-opacity":"","overlay-gradient":""},"mobile":{"background-color":"var(--ast-global-color-4)","background-image":"","background-repeat":"repeat","background-position":"center center","background-size":"auto","background-attachment":"scroll","background-type":"","background-media":"","overlay-type":"","overlay-color":"","overlay-opacity":"","overlay-gradient":""}},"footnotes":""},"class_list":["post-2562","page","type-page","status-publish","hentry"],"yoast_head":"<!-- This site is optimized with the Yoast SEO plugin v27.2 - https:\/\/yoast.com\/product\/yoast-seo-wordpress\/ -->\n<title>\u0130n\u015faat ve Enerji Hukuku - G\u00dcLSEREN \u00d6NG\u00dcN<\/title>\n<meta name=\"robots\" content=\"index, follow, max-snippet:-1, max-image-preview:large, max-video-preview:-1\" \/>\n<link rel=\"canonical\" href=\"https:\/\/gulserenongun.com\/en\/construction-and-energy-law\/\" \/>\n<meta property=\"og:locale\" content=\"en_US\" \/>\n<meta property=\"og:type\" content=\"article\" \/>\n<meta property=\"og:title\" content=\"\u0130n\u015faat ve Enerji Hukuku - G\u00dcLSEREN \u00d6NG\u00dcN\" \/>\n<meta property=\"og:description\" content=\"\u0130n\u015faat ve Enerji Hukuku \u0130n\u015faat ve enerji projelerine ili\u015fkin s\u00f6zle\u015fmelerin (FIDIC, NEC ve \u00f6zel tip s\u00f6zle\u015fmeler dahil) haz\u0131rlanmas\u0131, yorumlanmas\u0131 ve [&hellip;]\" \/>\n<meta property=\"og:url\" content=\"https:\/\/gulserenongun.com\/en\/construction-and-energy-law\/\" \/>\n<meta property=\"og:site_name\" content=\"G\u00dcLSEREN \u00d6NG\u00dcN\" \/>\n<meta property=\"article:modified_time\" content=\"2025-12-20T09:31:33+00:00\" \/>\n<meta property=\"og:image\" content=\"https:\/\/gulserenongun.com\/wp-content\/uploads\/2025\/10\/res1a.jpg\" \/>\n\t<meta property=\"og:image:width\" content=\"1419\" \/>\n\t<meta property=\"og:image:height\" content=\"1069\" \/>\n\t<meta property=\"og:image:type\" content=\"image\/jpeg\" \/>\n<meta name=\"twitter:card\" content=\"summary_large_image\" \/>\n<meta name=\"twitter:label1\" content=\"Est. reading time\" \/>\n\t<meta name=\"twitter:data1\" content=\"1 minute\" \/>\n<script type=\"application\/ld+json\" class=\"yoast-schema-graph\">{\"@context\":\"https:\/\/schema.org\",\"@graph\":[{\"@type\":\"WebPage\",\"@id\":\"https:\/\/gulserenongun.com\/insaat-ve-enerji-hukuku\/\",\"url\":\"https:\/\/gulserenongun.com\/insaat-ve-enerji-hukuku\/\",\"name\":\"\u0130n\u015faat ve Enerji Hukuku - G\u00dcLSEREN \u00d6NG\u00dcN\",\"isPartOf\":{\"@id\":\"https:\/\/gulserenongun.com\/#website\"},\"primaryImageOfPage\":{\"@id\":\"https:\/\/gulserenongun.com\/insaat-ve-enerji-hukuku\/#primaryimage\"},\"image\":{\"@id\":\"https:\/\/gulserenongun.com\/insaat-ve-enerji-hukuku\/#primaryimage\"},\"thumbnailUrl\":\"https:\/\/gulserenongun.com\/wp-content\/uploads\/2025\/10\/res1a.jpg\",\"datePublished\":\"2025-12-20T09:30:35+00:00\",\"dateModified\":\"2025-12-20T09:31:33+00:00\",\"breadcrumb\":{\"@id\":\"https:\/\/gulserenongun.com\/insaat-ve-enerji-hukuku\/#breadcrumb\"},\"inLanguage\":\"en-US\",\"potentialAction\":[{\"@type\":\"ReadAction\",\"target\":[\"https:\/\/gulserenongun.com\/insaat-ve-enerji-hukuku\/\"]}]},{\"@type\":\"ImageObject\",\"inLanguage\":\"en-US\",\"@id\":\"https:\/\/gulserenongun.com\/insaat-ve-enerji-hukuku\/#primaryimage\",\"url\":\"https:\/\/gulserenongun.com\/wp-content\/uploads\/2025\/10\/res1a.jpg\",\"contentUrl\":\"https:\/\/gulserenongun.com\/wp-content\/uploads\/2025\/10\/res1a.jpg\"},{\"@type\":\"BreadcrumbList\",\"@id\":\"https:\/\/gulserenongun.com\/insaat-ve-enerji-hukuku\/#breadcrumb\",\"itemListElement\":[{\"@type\":\"ListItem\",\"position\":1,\"name\":\"Home\",\"item\":\"https:\/\/gulserenongun.com\/\"},{\"@type\":\"ListItem\",\"position\":2,\"name\":\"\u0130n\u015faat ve Enerji Hukuku\"}]},{\"@type\":\"WebSite\",\"@id\":\"https:\/\/gulserenongun.com\/#website\",\"url\":\"https:\/\/gulserenongun.com\/\",\"name\":\"G\u00dcLSEREN \u00d6NG\u00dcN\",\"description\":\"\",\"publisher\":{\"@id\":\"https:\/\/gulserenongun.com\/#organization\"},\"potentialAction\":[{\"@type\":\"SearchAction\",\"target\":{\"@type\":\"EntryPoint\",\"urlTemplate\":\"https:\/\/gulserenongun.com\/?s={search_term_string}\"},\"query-input\":{\"@type\":\"PropertyValueSpecification\",\"valueRequired\":true,\"valueName\":\"search_term_string\"}}],\"inLanguage\":\"en-US\"},{\"@type\":\"Organization\",\"@id\":\"https:\/\/gulserenongun.com\/#organization\",\"name\":\"G\u00dcLSEREN \u00d6NG\u00dcN\",\"url\":\"https:\/\/gulserenongun.com\/\",\"logo\":{\"@type\":\"ImageObject\",\"inLanguage\":\"en-US\",\"@id\":\"https:\/\/gulserenongun.com\/#\/schema\/logo\/image\/\",\"url\":\"https:\/\/gulserenongun.com\/wp-content\/uploads\/2025\/07\/daniel-stenholm-ZGYWhxaiMOc-unsplash-scaled.jpg\",\"contentUrl\":\"https:\/\/gulserenongun.com\/wp-content\/uploads\/2025\/07\/daniel-stenholm-ZGYWhxaiMOc-unsplash-scaled.jpg\",\"width\":2560,\"height\":1919,\"caption\":\"G\u00dcLSEREN \u00d6NG\u00dcN\"},\"image\":{\"@id\":\"https:\/\/gulserenongun.com\/#\/schema\/logo\/image\/\"}}]}<\/script>\n<!-- \/ Yoast SEO plugin. -->","yoast_head_json":{"title":"\u0130n\u015faat ve Enerji Hukuku - G\u00dcLSEREN \u00d6NG\u00dcN","robots":{"index":"index","follow":"follow","max-snippet":"max-snippet:-1","max-image-preview":"max-image-preview:large","max-video-preview":"max-video-preview:-1"},"canonical":"https:\/\/gulserenongun.com\/en\/construction-and-energy-law\/","og_locale":"en_US","og_type":"article","og_title":"\u0130n\u015faat ve Enerji Hukuku - G\u00dcLSEREN \u00d6NG\u00dcN","og_description":"\u0130n\u015faat ve Enerji Hukuku \u0130n\u015faat ve enerji projelerine ili\u015fkin s\u00f6zle\u015fmelerin (FIDIC, NEC ve \u00f6zel tip s\u00f6zle\u015fmeler dahil) haz\u0131rlanmas\u0131, yorumlanmas\u0131 ve [&hellip;]","og_url":"https:\/\/gulserenongun.com\/en\/construction-and-energy-law\/","og_site_name":"G\u00dcLSEREN \u00d6NG\u00dcN","article_modified_time":"2025-12-20T09:31:33+00:00","og_image":[{"width":1419,"height":1069,"url":"https:\/\/gulserenongun.com\/wp-content\/uploads\/2025\/10\/res1a.jpg","type":"image\/jpeg"}],"twitter_card":"summary_large_image","twitter_misc":{"Est. reading time":"1 minute"},"schema":{"@context":"https:\/\/schema.org","@graph":[{"@type":"WebPage","@id":"https:\/\/gulserenongun.com\/insaat-ve-enerji-hukuku\/","url":"https:\/\/gulserenongun.com\/insaat-ve-enerji-hukuku\/","name":"\u0130n\u015faat ve Enerji Hukuku - G\u00dcLSEREN \u00d6NG\u00dcN","isPartOf":{"@id":"https:\/\/gulserenongun.com\/#website"},"primaryImageOfPage":{"@id":"https:\/\/gulserenongun.com\/insaat-ve-enerji-hukuku\/#primaryimage"},"image":{"@id":"https:\/\/gulserenongun.com\/insaat-ve-enerji-hukuku\/#primaryimage"},"thumbnailUrl":"https:\/\/gulserenongun.com\/wp-content\/uploads\/2025\/10\/res1a.jpg","datePublished":"2025-12-20T09:30:35+00:00","dateModified":"2025-12-20T09:31:33+00:00","breadcrumb":{"@id":"https:\/\/gulserenongun.com\/insaat-ve-enerji-hukuku\/#breadcrumb"},"inLanguage":"en-US","potentialAction":[{"@type":"ReadAction","target":["https:\/\/gulserenongun.com\/insaat-ve-enerji-hukuku\/"]}]},{"@type":"ImageObject","inLanguage":"en-US","@id":"https:\/\/gulserenongun.com\/insaat-ve-enerji-hukuku\/#primaryimage","url":"https:\/\/gulserenongun.com\/wp-content\/uploads\/2025\/10\/res1a.jpg","contentUrl":"https:\/\/gulserenongun.com\/wp-content\/uploads\/2025\/10\/res1a.jpg"},{"@type":"BreadcrumbList","@id":"https:\/\/gulserenongun.com\/insaat-ve-enerji-hukuku\/#breadcrumb","itemListElement":[{"@type":"ListItem","position":1,"name":"Home","item":"https:\/\/gulserenongun.com\/"},{"@type":"ListItem","position":2,"name":"\u0130n\u015faat ve Enerji Hukuku"}]},{"@type":"WebSite","@id":"https:\/\/gulserenongun.com\/#website","url":"https:\/\/gulserenongun.com\/","name":"G\u00dcLSEREN \u00d6NG\u00dcN","description":"","publisher":{"@id":"https:\/\/gulserenongun.com\/#organization"},"potentialAction":[{"@type":"SearchAction","target":{"@type":"EntryPoint","urlTemplate":"https:\/\/gulserenongun.com\/?s={search_term_string}"},"query-input":{"@type":"PropertyValueSpecification","valueRequired":true,"valueName":"search_term_string"}}],"inLanguage":"en-US"},{"@type":"Organization","@id":"https:\/\/gulserenongun.com\/#organization","name":"G\u00dcLSEREN \u00d6NG\u00dcN","url":"https:\/\/gulserenongun.com\/","logo":{"@type":"ImageObject","inLanguage":"en-US","@id":"https:\/\/gulserenongun.com\/#\/schema\/logo\/image\/","url":"https:\/\/gulserenongun.com\/wp-content\/uploads\/2025\/07\/daniel-stenholm-ZGYWhxaiMOc-unsplash-scaled.jpg","contentUrl":"https:\/\/gulserenongun.com\/wp-content\/uploads\/2025\/07\/daniel-stenholm-ZGYWhxaiMOc-unsplash-scaled.jpg","width":2560,"height":1919,"caption":"G\u00dcLSEREN \u00d6NG\u00dcN"},"image":{"@id":"https:\/\/gulserenongun.com\/#\/schema\/logo\/image\/"}}]}},"_links":{"self":[{"href":"https:\/\/gulserenongun.com\/en\/wp-json\/wp\/v2\/pages\/2562","targetHints":{"allow":["GET"]}}],"collection":[{"href":"https:\/\/gulserenongun.com\/en\/wp-json\/wp\/v2\/pages"}],"about":[{"href":"https:\/\/gulserenongun.com\/en\/wp-json\/wp\/v2\/types\/page"}],"author":[{"embeddable":true,"href":"https:\/\/gulserenongun.com\/en\/wp-json\/wp\/v2\/users\/1"}],"replies":[{"embeddable":true,"href":"https:\/\/gulserenongun.com\/en\/wp-json\/wp\/v2\/comments?post=2562"}],"version-history":[{"count":5,"href":"https:\/\/gulserenongun.com\/en\/wp-json\/wp\/v2\/pages\/2562\/revisions"}],"predecessor-version":[{"id":2568,"href":"https:\/\/gulserenongun.com\/en\/wp-json\/wp\/v2\/pages\/2562\/revisions\/2568"}],"wp:attachment":[{"href":"https:\/\/gulserenongun.com\/en\/wp-json\/wp\/v2\/media?parent=2562"}],"curies":[{"name":"wp","href":"https:\/\/api.w.org\/{rel}","templated":true}]}}