{"id":2487,"date":"2025-12-20T09:12:22","date_gmt":"2025-12-20T09:12:22","guid":{"rendered":"https:\/\/gulserenongun.com\/?page_id=2487"},"modified":"2025-12-20T09:14:00","modified_gmt":"2025-12-20T09:14:00","slug":"droit-de-succession","status":"publish","type":"page","link":"https:\/\/gulserenongun.com\/fr\/miras-hukuku\/","title":{"rendered":"Droit des successions"},"content":{"rendered":"<div data-elementor-type=\"wp-page\" data-elementor-id=\"2487\" class=\"elementor elementor-2487\">\n\t\t\t\t<div class=\"elementor-element elementor-element-a4998c5 e-flex e-con-boxed e-con e-parent\" data-id=\"a4998c5\" data-element_type=\"container\" data-e-type=\"container\">\n\t\t\t\t\t<div class=\"e-con-inner\">\n\t\t\t\t<div class=\"elementor-element elementor-element-c2edefd elementor-widget elementor-widget-html\" data-id=\"c2edefd\" data-element_type=\"widget\" data-e-type=\"widget\" data-widget_type=\"html.default\">\n\t\t\t\t\t<div class=\"policy-doc\">\r\n    <h2>Droit des successions<\/h2>\r\n    \r\n    \r\n    Le droit des successions \u00e9tant un domaine technique, nous accompagnons nos clients et leurs interlocuteurs par l\u2019\u00e9tablissement de calculs successoraux et de partage pr\u00e9cis. Nous privil\u00e9gions la recherche de solutions amiables, en expliquant de mani\u00e8re claire et transparente les diff\u00e9rentes \u00e9tapes et enjeux de la proc\u00e9dure.\r\n\r\n    <br><br>\r\n    \r\n    Nous intervenons notamment dans les formalit\u00e9s de transfert et d\u2019enregistrement des successions, les actions en d\u00e9livrance ou en constatation des droits successoraux, les proc\u00e9dures de renonciation \u00e0 la succession, la r\u00e9daction de testaments et de conventions successorales, la r\u00e9partition de la succession entre les h\u00e9ritiers, ainsi que dans l\u2019ensemble des litiges successoraux, en particulier ceux relatifs \u00e0 la protection des parts r\u00e9servataires et aux actions en indemnisation pour atteinte \u00e0 ces droits.\nNotre objectif est d\u2019assurer que les droits et les biens transmis par le d\u00e9funt soient d\u00e9volus conform\u00e9ment \u00e0 la loi, de pr\u00e9venir toute perte de droits pour les h\u00e9ritiers et de r\u00e9soudre les diff\u00e9rends dans les meilleurs d\u00e9lais. Nous \u0153uvrons \u00e0 la conclusion \u00e9quitable des dossiers, en privil\u00e9giant la conciliation ou, lorsque cela s\u2019av\u00e8re n\u00e9cessaire, en engageant une proc\u00e9dure judiciaire adapt\u00e9e.\r\n\r\n    \r\n\r\n    \r\n    \r\n<\/div>\r\n\t\t\t\t<\/div>\n\t\t\t\t\t<\/div>\n\t\t\t\t<\/div>\n\t\t<div class=\"elementor-element elementor-element-f63ff5e e-con-full e-flex e-con e-parent\" data-id=\"f63ff5e\" data-element_type=\"container\" data-e-type=\"container\">\n\t\t\t\t<div class=\"elementor-element elementor-element-1d33729 elementor-widget elementor-widget-image\" data-id=\"1d33729\" data-element_type=\"widget\" data-e-type=\"widget\" data-widget_type=\"image.default\">\n\t\t\t\t\t\t\t\t\t\t\t\t\t\t\t<img fetchpriority=\"high\" decoding=\"async\" width=\"1419\" height=\"1069\" src=\"https:\/\/gulserenongun.com\/wp-content\/uploads\/2025\/10\/res1a.jpg\" class=\"attachment-full size-full wp-image-1887\" alt=\"\" srcset=\"https:\/\/gulserenongun.com\/wp-content\/uploads\/2025\/10\/res1a.jpg 1419w, https:\/\/gulserenongun.com\/wp-content\/uploads\/2025\/10\/res1a-300x226.jpg 300w, https:\/\/gulserenongun.com\/wp-content\/uploads\/2025\/10\/res1a-1024x771.jpg 1024w, https:\/\/gulserenongun.com\/wp-content\/uploads\/2025\/10\/res1a-768x579.jpg 768w, https:\/\/gulserenongun.com\/wp-content\/uploads\/2025\/10\/res1a-16x12.jpg 16w\" sizes=\"(max-width: 1419px) 100vw, 1419px\" \/>\t\t\t\t\t\t\t\t\t\t\t\t\t\t\t<\/div>\n\t\t\t\t<\/div>\n\t\t\t\t<\/div>","protected":false},"excerpt":{"rendered":"<p>Miras Hukuku Miras hukuku teknik bir alan olmakla, m\u00fcvekkillerimize ve muhataplar\u0131na silsile ve pay hesaplar\u0131 \u00fczerinden s\u00fcre\u00e7lerin izah\u0131 yap\u0131larak, taraflar [&hellip;]<\/p>\n","protected":false},"author":1,"featured_media":0,"parent":0,"menu_order":0,"comment_status":"closed","ping_status":"closed","template":"","meta":{"site-sidebar-layout":"no-sidebar","site-content-layout":"","ast-site-content-layout":"full-width-container","site-content-style":"default","site-sidebar-style":"default","ast-global-header-display":"","ast-banner-title-visibility":"","ast-main-header-display":"","ast-hfb-above-header-display":"","ast-hfb-below-header-display":"","ast-hfb-mobile-header-display":"","site-post-title":"disabled","ast-breadcrumbs-content":"","ast-featured-img":"disabled","footer-sml-layout":"","ast-disable-related-posts":"","theme-transparent-header-meta":"","adv-header-id-meta":"","stick-header-meta":"","header-above-stick-meta":"","header-main-stick-meta":"","header-below-stick-meta":"","astra-migrate-meta-layouts":"default","ast-page-background-enabled":"default","ast-page-background-meta":{"desktop":{"background-color":"var(--ast-global-color-5)","background-image":"","background-repeat":"repeat","background-position":"center center","background-size":"auto","background-attachment":"scroll","background-type":"","background-media":"","overlay-type":"","overlay-color":"","overlay-opacity":"","overlay-gradient":""},"tablet":{"background-color":"","background-image":"","background-repeat":"repeat","background-position":"center center","background-size":"auto","background-attachment":"scroll","background-type":"","background-media":"","overlay-type":"","overlay-color":"","overlay-opacity":"","overlay-gradient":""},"mobile":{"background-color":"","background-image":"","background-repeat":"repeat","background-position":"center center","background-size":"auto","background-attachment":"scroll","background-type":"","background-media":"","overlay-type":"","overlay-color":"","overlay-opacity":"","overlay-gradient":""}},"ast-content-background-meta":{"desktop":{"background-color":"var(--ast-global-color-4)","background-image":"","background-repeat":"repeat","background-position":"center center","background-size":"auto","background-attachment":"scroll","background-type":"","background-media":"","overlay-type":"","overlay-color":"","overlay-opacity":"","overlay-gradient":""},"tablet":{"background-color":"var(--ast-global-color-4)","background-image":"","background-repeat":"repeat","background-position":"center center","background-size":"auto","background-attachment":"scroll","background-type":"","background-media":"","overlay-type":"","overlay-color":"","overlay-opacity":"","overlay-gradient":""},"mobile":{"background-color":"var(--ast-global-color-4)","background-image":"","background-repeat":"repeat","background-position":"center center","background-size":"auto","background-attachment":"scroll","background-type":"","background-media":"","overlay-type":"","overlay-color":"","overlay-opacity":"","overlay-gradient":""}},"footnotes":""},"class_list":["post-2487","page","type-page","status-publish","hentry"],"yoast_head":"<!-- This site is optimized with the Yoast SEO plugin v27.2 - https:\/\/yoast.com\/product\/yoast-seo-wordpress\/ -->\n<title>Miras Hukuku - G\u00dcLSEREN \u00d6NG\u00dcN<\/title>\n<meta name=\"robots\" content=\"index, follow, max-snippet:-1, max-image-preview:large, max-video-preview:-1\" \/>\n<link rel=\"canonical\" href=\"https:\/\/gulserenongun.com\/fr\/droit-de-succession\/\" \/>\n<meta property=\"og:locale\" content=\"fr_FR\" \/>\n<meta property=\"og:type\" content=\"article\" \/>\n<meta property=\"og:title\" content=\"Miras Hukuku - G\u00dcLSEREN \u00d6NG\u00dcN\" \/>\n<meta property=\"og:description\" content=\"Miras Hukuku Miras hukuku teknik bir alan olmakla, m\u00fcvekkillerimize ve muhataplar\u0131na silsile ve pay hesaplar\u0131 \u00fczerinden s\u00fcre\u00e7lerin izah\u0131 yap\u0131larak, taraflar [&hellip;]\" \/>\n<meta property=\"og:url\" content=\"https:\/\/gulserenongun.com\/fr\/droit-de-succession\/\" \/>\n<meta property=\"og:site_name\" content=\"G\u00dcLSEREN \u00d6NG\u00dcN\" \/>\n<meta property=\"article:modified_time\" content=\"2025-12-20T09:14:00+00:00\" \/>\n<meta property=\"og:image\" content=\"https:\/\/gulserenongun.com\/wp-content\/uploads\/2025\/10\/res1a.jpg\" \/>\n\t<meta property=\"og:image:width\" content=\"1419\" \/>\n\t<meta property=\"og:image:height\" content=\"1069\" \/>\n\t<meta property=\"og:image:type\" content=\"image\/jpeg\" \/>\n<meta name=\"twitter:card\" content=\"summary_large_image\" \/>\n<meta name=\"twitter:label1\" content=\"Dur\u00e9e de lecture estim\u00e9e\" \/>\n\t<meta name=\"twitter:data1\" content=\"1 minute\" \/>\n<script type=\"application\/ld+json\" class=\"yoast-schema-graph\">{\"@context\":\"https:\/\/schema.org\",\"@graph\":[{\"@type\":\"WebPage\",\"@id\":\"https:\/\/gulserenongun.com\/miras-hukuku\/\",\"url\":\"https:\/\/gulserenongun.com\/miras-hukuku\/\",\"name\":\"Miras Hukuku - G\u00dcLSEREN \u00d6NG\u00dcN\",\"isPartOf\":{\"@id\":\"https:\/\/gulserenongun.com\/#website\"},\"primaryImageOfPage\":{\"@id\":\"https:\/\/gulserenongun.com\/miras-hukuku\/#primaryimage\"},\"image\":{\"@id\":\"https:\/\/gulserenongun.com\/miras-hukuku\/#primaryimage\"},\"thumbnailUrl\":\"https:\/\/gulserenongun.com\/wp-content\/uploads\/2025\/10\/res1a.jpg\",\"datePublished\":\"2025-12-20T09:12:22+00:00\",\"dateModified\":\"2025-12-20T09:14:00+00:00\",\"breadcrumb\":{\"@id\":\"https:\/\/gulserenongun.com\/miras-hukuku\/#breadcrumb\"},\"inLanguage\":\"fr-FR\",\"potentialAction\":[{\"@type\":\"ReadAction\",\"target\":[\"https:\/\/gulserenongun.com\/miras-hukuku\/\"]}]},{\"@type\":\"ImageObject\",\"inLanguage\":\"fr-FR\",\"@id\":\"https:\/\/gulserenongun.com\/miras-hukuku\/#primaryimage\",\"url\":\"https:\/\/gulserenongun.com\/wp-content\/uploads\/2025\/10\/res1a.jpg\",\"contentUrl\":\"https:\/\/gulserenongun.com\/wp-content\/uploads\/2025\/10\/res1a.jpg\"},{\"@type\":\"BreadcrumbList\",\"@id\":\"https:\/\/gulserenongun.com\/miras-hukuku\/#breadcrumb\",\"itemListElement\":[{\"@type\":\"ListItem\",\"position\":1,\"name\":\"Home\",\"item\":\"https:\/\/gulserenongun.com\/\"},{\"@type\":\"ListItem\",\"position\":2,\"name\":\"Miras Hukuku\"}]},{\"@type\":\"WebSite\",\"@id\":\"https:\/\/gulserenongun.com\/#website\",\"url\":\"https:\/\/gulserenongun.com\/\",\"name\":\"G\u00dcLSEREN \u00d6NG\u00dcN\",\"description\":\"\",\"publisher\":{\"@id\":\"https:\/\/gulserenongun.com\/#organization\"},\"potentialAction\":[{\"@type\":\"SearchAction\",\"target\":{\"@type\":\"EntryPoint\",\"urlTemplate\":\"https:\/\/gulserenongun.com\/?s={search_term_string}\"},\"query-input\":{\"@type\":\"PropertyValueSpecification\",\"valueRequired\":true,\"valueName\":\"search_term_string\"}}],\"inLanguage\":\"fr-FR\"},{\"@type\":\"Organization\",\"@id\":\"https:\/\/gulserenongun.com\/#organization\",\"name\":\"G\u00dcLSEREN \u00d6NG\u00dcN\",\"url\":\"https:\/\/gulserenongun.com\/\",\"logo\":{\"@type\":\"ImageObject\",\"inLanguage\":\"fr-FR\",\"@id\":\"https:\/\/gulserenongun.com\/#\/schema\/logo\/image\/\",\"url\":\"https:\/\/gulserenongun.com\/wp-content\/uploads\/2025\/07\/daniel-stenholm-ZGYWhxaiMOc-unsplash-scaled.jpg\",\"contentUrl\":\"https:\/\/gulserenongun.com\/wp-content\/uploads\/2025\/07\/daniel-stenholm-ZGYWhxaiMOc-unsplash-scaled.jpg\",\"width\":2560,\"height\":1919,\"caption\":\"G\u00dcLSEREN \u00d6NG\u00dcN\"},\"image\":{\"@id\":\"https:\/\/gulserenongun.com\/#\/schema\/logo\/image\/\"}}]}<\/script>\n<!-- \/ Yoast SEO plugin. -->","yoast_head_json":{"title":"Miras Hukuku - G\u00dcLSEREN \u00d6NG\u00dcN","robots":{"index":"index","follow":"follow","max-snippet":"max-snippet:-1","max-image-preview":"max-image-preview:large","max-video-preview":"max-video-preview:-1"},"canonical":"https:\/\/gulserenongun.com\/fr\/droit-de-succession\/","og_locale":"fr_FR","og_type":"article","og_title":"Miras Hukuku - G\u00dcLSEREN \u00d6NG\u00dcN","og_description":"Miras Hukuku Miras hukuku teknik bir alan olmakla, m\u00fcvekkillerimize ve muhataplar\u0131na silsile ve pay hesaplar\u0131 \u00fczerinden s\u00fcre\u00e7lerin izah\u0131 yap\u0131larak, taraflar [&hellip;]","og_url":"https:\/\/gulserenongun.com\/fr\/droit-de-succession\/","og_site_name":"G\u00dcLSEREN \u00d6NG\u00dcN","article_modified_time":"2025-12-20T09:14:00+00:00","og_image":[{"width":1419,"height":1069,"url":"https:\/\/gulserenongun.com\/wp-content\/uploads\/2025\/10\/res1a.jpg","type":"image\/jpeg"}],"twitter_card":"summary_large_image","twitter_misc":{"Dur\u00e9e de lecture estim\u00e9e":"1 minute"},"schema":{"@context":"https:\/\/schema.org","@graph":[{"@type":"WebPage","@id":"https:\/\/gulserenongun.com\/miras-hukuku\/","url":"https:\/\/gulserenongun.com\/miras-hukuku\/","name":"Miras Hukuku - G\u00dcLSEREN \u00d6NG\u00dcN","isPartOf":{"@id":"https:\/\/gulserenongun.com\/#website"},"primaryImageOfPage":{"@id":"https:\/\/gulserenongun.com\/miras-hukuku\/#primaryimage"},"image":{"@id":"https:\/\/gulserenongun.com\/miras-hukuku\/#primaryimage"},"thumbnailUrl":"https:\/\/gulserenongun.com\/wp-content\/uploads\/2025\/10\/res1a.jpg","datePublished":"2025-12-20T09:12:22+00:00","dateModified":"2025-12-20T09:14:00+00:00","breadcrumb":{"@id":"https:\/\/gulserenongun.com\/miras-hukuku\/#breadcrumb"},"inLanguage":"fr-FR","potentialAction":[{"@type":"ReadAction","target":["https:\/\/gulserenongun.com\/miras-hukuku\/"]}]},{"@type":"ImageObject","inLanguage":"fr-FR","@id":"https:\/\/gulserenongun.com\/miras-hukuku\/#primaryimage","url":"https:\/\/gulserenongun.com\/wp-content\/uploads\/2025\/10\/res1a.jpg","contentUrl":"https:\/\/gulserenongun.com\/wp-content\/uploads\/2025\/10\/res1a.jpg"},{"@type":"BreadcrumbList","@id":"https:\/\/gulserenongun.com\/miras-hukuku\/#breadcrumb","itemListElement":[{"@type":"ListItem","position":1,"name":"Home","item":"https:\/\/gulserenongun.com\/"},{"@type":"ListItem","position":2,"name":"Miras Hukuku"}]},{"@type":"WebSite","@id":"https:\/\/gulserenongun.com\/#website","url":"https:\/\/gulserenongun.com\/","name":"G\u00dcLSEREN \u00d6NG\u00dcN","description":"","publisher":{"@id":"https:\/\/gulserenongun.com\/#organization"},"potentialAction":[{"@type":"SearchAction","target":{"@type":"EntryPoint","urlTemplate":"https:\/\/gulserenongun.com\/?s={search_term_string}"},"query-input":{"@type":"PropertyValueSpecification","valueRequired":true,"valueName":"search_term_string"}}],"inLanguage":"fr-FR"},{"@type":"Organization","@id":"https:\/\/gulserenongun.com\/#organization","name":"G\u00dcLSEREN \u00d6NG\u00dcN","url":"https:\/\/gulserenongun.com\/","logo":{"@type":"ImageObject","inLanguage":"fr-FR","@id":"https:\/\/gulserenongun.com\/#\/schema\/logo\/image\/","url":"https:\/\/gulserenongun.com\/wp-content\/uploads\/2025\/07\/daniel-stenholm-ZGYWhxaiMOc-unsplash-scaled.jpg","contentUrl":"https:\/\/gulserenongun.com\/wp-content\/uploads\/2025\/07\/daniel-stenholm-ZGYWhxaiMOc-unsplash-scaled.jpg","width":2560,"height":1919,"caption":"G\u00dcLSEREN \u00d6NG\u00dcN"},"image":{"@id":"https:\/\/gulserenongun.com\/#\/schema\/logo\/image\/"}}]}},"_links":{"self":[{"href":"https:\/\/gulserenongun.com\/fr\/wp-json\/wp\/v2\/pages\/2487","targetHints":{"allow":["GET"]}}],"collection":[{"href":"https:\/\/gulserenongun.com\/fr\/wp-json\/wp\/v2\/pages"}],"about":[{"href":"https:\/\/gulserenongun.com\/fr\/wp-json\/wp\/v2\/types\/page"}],"author":[{"embeddable":true,"href":"https:\/\/gulserenongun.com\/fr\/wp-json\/wp\/v2\/users\/1"}],"replies":[{"embeddable":true,"href":"https:\/\/gulserenongun.com\/fr\/wp-json\/wp\/v2\/comments?post=2487"}],"version-history":[{"count":5,"href":"https:\/\/gulserenongun.com\/fr\/wp-json\/wp\/v2\/pages\/2487\/revisions"}],"predecessor-version":[{"id":2492,"href":"https:\/\/gulserenongun.com\/fr\/wp-json\/wp\/v2\/pages\/2487\/revisions\/2492"}],"wp:attachment":[{"href":"https:\/\/gulserenongun.com\/fr\/wp-json\/wp\/v2\/media?parent=2487"}],"curies":[{"name":"wp","href":"https:\/\/api.w.org\/{rel}","templated":true}]}}