{"id":2522,"date":"2025-12-20T09:20:17","date_gmt":"2025-12-20T09:20:17","guid":{"rendered":"https:\/\/gulserenongun.com\/?page_id=2522"},"modified":"2025-12-20T09:21:21","modified_gmt":"2025-12-20T09:21:21","slug":"protection-des-donnees-personnelles-et-securite-des-donnees","status":"publish","type":"page","link":"https:\/\/gulserenongun.com\/fr\/kisisel-verilerin-korunmasi-ve-veri-guvenligi\/","title":{"rendered":"Protection des donn\u00e9es personnelles et s\u00e9curit\u00e9 des donn\u00e9es"},"content":{"rendered":"<div data-elementor-type=\"wp-page\" data-elementor-id=\"2522\" class=\"elementor elementor-2522\">\n\t\t\t\t<div class=\"elementor-element elementor-element-11f624e5 e-flex e-con-boxed e-con e-parent\" data-id=\"11f624e5\" data-element_type=\"container\" data-e-type=\"container\">\n\t\t\t\t\t<div class=\"e-con-inner\">\n\t\t\t\t<div class=\"elementor-element elementor-element-5b595cf9 elementor-widget elementor-widget-html\" data-id=\"5b595cf9\" data-element_type=\"widget\" data-e-type=\"widget\" data-widget_type=\"html.default\">\n\t\t\t\t\t<div class=\"policy-doc\">\r\n    <h2>Protection des donn\u00e9es personnelles et s\u00e9curit\u00e9 des donn\u00e9es<\/h2>\r\n    \r\n    \r\n    Nous fournissons des services de conformit\u00e9 compl\u00e8te avec la loi turque sur la protection des donn\u00e9es personnelles, le RGPD, et toutes les r\u00e9glementations pertinentes pour les personnes physiques et morales. Dans ce cadre, nous prenons en charge la gestion compl\u00e8te des projets de mise en conformit\u00e9, l\u2019\u00e9laboration de l\u2019inventaire du traitement des donn\u00e9es personnelles, l\u2019enregistrement VERB\u0130S, la d\u00e9finition des politiques de s\u00e9curit\u00e9 des donn\u00e9es et des mesures techniques et organisationnelles, la r\u00e9daction de textes d\u2019information et de formulaires de consentement, la r\u00e9vision des contrats existants ainsi que la pr\u00e9paration de nouveaux contrats, et la mise en place de processus de gestion et de r\u00e9ponse aux violations de donn\u00e9es.\r\n\r\n    <br><br>\r\n    \r\n    Nous r\u00e9alisons \u00e9galement des analyses de risque en mati\u00e8re de s\u00e9curit\u00e9 des donn\u00e9es, v\u00e9rifions juridiquement et techniquement les mesures de s\u00e9curit\u00e9 techniques (cryptage, contr\u00f4le d\u2019acc\u00e8s, sauvegarde, tests d\u2019intrusion, etc.), organisons des formations pour le personnel, r\u00e9gulons les relations entre le responsable et le sous-traitant des donn\u00e9es, suivons les plaintes et proc\u00e9dures d\u2019amendes administratives aupr\u00e8s de l\u2019Autorit\u00e9 de protection des donn\u00e9es, et assurons la d\u00e9fense en cas d\u2019enqu\u00eates p\u00e9nales potentielles.\r\n\r\n    <br><br>\r\n\r\n    Notre objectif est de garantir que nos clients atteignent non seulement la conformit\u00e9 juridique, mais aussi une s\u00e9curit\u00e9 technique maximale de leurs donn\u00e9es personnelles, assurant ainsi un \u00e9cosyst\u00e8me de traitement des donn\u00e9es durable et exempt de sanctions.\r\n\r\n    \r\n\r\n    \r\n    \r\n<\/div>\r\n\t\t\t\t<\/div>\n\t\t\t\t\t<\/div>\n\t\t\t\t<\/div>\n\t\t<div class=\"elementor-element elementor-element-760377cb e-con-full e-flex e-con e-parent\" data-id=\"760377cb\" data-element_type=\"container\" data-e-type=\"container\">\n\t\t\t\t<div class=\"elementor-element elementor-element-275754f9 elementor-widget elementor-widget-image\" data-id=\"275754f9\" data-element_type=\"widget\" data-e-type=\"widget\" data-widget_type=\"image.default\">\n\t\t\t\t\t\t\t\t\t\t\t\t\t\t\t<img fetchpriority=\"high\" decoding=\"async\" width=\"1419\" height=\"1069\" src=\"https:\/\/gulserenongun.com\/wp-content\/uploads\/2025\/10\/res1a.jpg\" class=\"attachment-full size-full wp-image-1887\" alt=\"\" srcset=\"https:\/\/gulserenongun.com\/wp-content\/uploads\/2025\/10\/res1a.jpg 1419w, https:\/\/gulserenongun.com\/wp-content\/uploads\/2025\/10\/res1a-300x226.jpg 300w, https:\/\/gulserenongun.com\/wp-content\/uploads\/2025\/10\/res1a-1024x771.jpg 1024w, https:\/\/gulserenongun.com\/wp-content\/uploads\/2025\/10\/res1a-768x579.jpg 768w, https:\/\/gulserenongun.com\/wp-content\/uploads\/2025\/10\/res1a-16x12.jpg 16w\" sizes=\"(max-width: 1419px) 100vw, 1419px\" \/>\t\t\t\t\t\t\t\t\t\t\t\t\t\t\t<\/div>\n\t\t\t\t<\/div>\n\t\t\t\t<\/div>","protected":false},"excerpt":{"rendered":"<p>Ki\u015fisel Verilerin Korunmas\u0131 ve Veri G\u00fcvenli\u011fi Ger\u00e7ek ve t\u00fczel ki\u015filere y\u00f6nelik KVKK, GDPR ve ilgili t\u00fcm mevzuata tam uyum hizmeti [&hellip;]<\/p>\n","protected":false},"author":1,"featured_media":0,"parent":0,"menu_order":0,"comment_status":"closed","ping_status":"closed","template":"","meta":{"site-sidebar-layout":"no-sidebar","site-content-layout":"","ast-site-content-layout":"full-width-container","site-content-style":"default","site-sidebar-style":"default","ast-global-header-display":"","ast-banner-title-visibility":"","ast-main-header-display":"","ast-hfb-above-header-display":"","ast-hfb-below-header-display":"","ast-hfb-mobile-header-display":"","site-post-title":"disabled","ast-breadcrumbs-content":"","ast-featured-img":"disabled","footer-sml-layout":"","ast-disable-related-posts":"","theme-transparent-header-meta":"","adv-header-id-meta":"","stick-header-meta":"","header-above-stick-meta":"","header-main-stick-meta":"","header-below-stick-meta":"","astra-migrate-meta-layouts":"default","ast-page-background-enabled":"default","ast-page-background-meta":{"desktop":{"background-color":"var(--ast-global-color-5)","background-image":"","background-repeat":"repeat","background-position":"center center","background-size":"auto","background-attachment":"scroll","background-type":"","background-media":"","overlay-type":"","overlay-color":"","overlay-opacity":"","overlay-gradient":""},"tablet":{"background-color":"","background-image":"","background-repeat":"repeat","background-position":"center center","background-size":"auto","background-attachment":"scroll","background-type":"","background-media":"","overlay-type":"","overlay-color":"","overlay-opacity":"","overlay-gradient":""},"mobile":{"background-color":"","background-image":"","background-repeat":"repeat","background-position":"center center","background-size":"auto","background-attachment":"scroll","background-type":"","background-media":"","overlay-type":"","overlay-color":"","overlay-opacity":"","overlay-gradient":""}},"ast-content-background-meta":{"desktop":{"background-color":"var(--ast-global-color-4)","background-image":"","background-repeat":"repeat","background-position":"center center","background-size":"auto","background-attachment":"scroll","background-type":"","background-media":"","overlay-type":"","overlay-color":"","overlay-opacity":"","overlay-gradient":""},"tablet":{"background-color":"var(--ast-global-color-4)","background-image":"","background-repeat":"repeat","background-position":"center center","background-size":"auto","background-attachment":"scroll","background-type":"","background-media":"","overlay-type":"","overlay-color":"","overlay-opacity":"","overlay-gradient":""},"mobile":{"background-color":"var(--ast-global-color-4)","background-image":"","background-repeat":"repeat","background-position":"center center","background-size":"auto","background-attachment":"scroll","background-type":"","background-media":"","overlay-type":"","overlay-color":"","overlay-opacity":"","overlay-gradient":""}},"footnotes":""},"class_list":["post-2522","page","type-page","status-publish","hentry"],"yoast_head":"<!-- This site is optimized with the Yoast SEO plugin v27.2 - https:\/\/yoast.com\/product\/yoast-seo-wordpress\/ -->\n<title>Ki\u015fisel Verilerin Korunmas\u0131 ve Veri G\u00fcvenli\u011fi - G\u00dcLSEREN \u00d6NG\u00dcN<\/title>\n<meta name=\"robots\" content=\"index, follow, max-snippet:-1, max-image-preview:large, max-video-preview:-1\" \/>\n<link rel=\"canonical\" href=\"https:\/\/gulserenongun.com\/fr\/protection-des-donnees-personnelles-et-securite-des-donnees\/\" \/>\n<meta property=\"og:locale\" content=\"fr_FR\" \/>\n<meta property=\"og:type\" content=\"article\" \/>\n<meta property=\"og:title\" content=\"Ki\u015fisel Verilerin Korunmas\u0131 ve Veri G\u00fcvenli\u011fi - G\u00dcLSEREN \u00d6NG\u00dcN\" \/>\n<meta property=\"og:description\" content=\"Ki\u015fisel Verilerin Korunmas\u0131 ve Veri G\u00fcvenli\u011fi Ger\u00e7ek ve t\u00fczel ki\u015filere y\u00f6nelik KVKK, GDPR ve ilgili t\u00fcm mevzuata tam uyum hizmeti [&hellip;]\" \/>\n<meta property=\"og:url\" content=\"https:\/\/gulserenongun.com\/fr\/protection-des-donnees-personnelles-et-securite-des-donnees\/\" \/>\n<meta property=\"og:site_name\" content=\"G\u00dcLSEREN \u00d6NG\u00dcN\" \/>\n<meta property=\"article:modified_time\" content=\"2025-12-20T09:21:21+00:00\" \/>\n<meta property=\"og:image\" content=\"https:\/\/gulserenongun.com\/wp-content\/uploads\/2025\/10\/res1a.jpg\" \/>\n\t<meta property=\"og:image:width\" content=\"1419\" \/>\n\t<meta property=\"og:image:height\" content=\"1069\" \/>\n\t<meta property=\"og:image:type\" content=\"image\/jpeg\" \/>\n<meta name=\"twitter:card\" content=\"summary_large_image\" \/>\n<meta name=\"twitter:label1\" content=\"Dur\u00e9e de lecture estim\u00e9e\" \/>\n\t<meta name=\"twitter:data1\" content=\"1 minute\" \/>\n<script type=\"application\/ld+json\" class=\"yoast-schema-graph\">{\"@context\":\"https:\/\/schema.org\",\"@graph\":[{\"@type\":\"WebPage\",\"@id\":\"https:\/\/gulserenongun.com\/kisisel-verilerin-korunmasi-ve-veri-guvenligi\/\",\"url\":\"https:\/\/gulserenongun.com\/kisisel-verilerin-korunmasi-ve-veri-guvenligi\/\",\"name\":\"Ki\u015fisel Verilerin Korunmas\u0131 ve Veri G\u00fcvenli\u011fi - G\u00dcLSEREN \u00d6NG\u00dcN\",\"isPartOf\":{\"@id\":\"https:\/\/gulserenongun.com\/#website\"},\"primaryImageOfPage\":{\"@id\":\"https:\/\/gulserenongun.com\/kisisel-verilerin-korunmasi-ve-veri-guvenligi\/#primaryimage\"},\"image\":{\"@id\":\"https:\/\/gulserenongun.com\/kisisel-verilerin-korunmasi-ve-veri-guvenligi\/#primaryimage\"},\"thumbnailUrl\":\"https:\/\/gulserenongun.com\/wp-content\/uploads\/2025\/10\/res1a.jpg\",\"datePublished\":\"2025-12-20T09:20:17+00:00\",\"dateModified\":\"2025-12-20T09:21:21+00:00\",\"breadcrumb\":{\"@id\":\"https:\/\/gulserenongun.com\/kisisel-verilerin-korunmasi-ve-veri-guvenligi\/#breadcrumb\"},\"inLanguage\":\"fr-FR\",\"potentialAction\":[{\"@type\":\"ReadAction\",\"target\":[\"https:\/\/gulserenongun.com\/kisisel-verilerin-korunmasi-ve-veri-guvenligi\/\"]}]},{\"@type\":\"ImageObject\",\"inLanguage\":\"fr-FR\",\"@id\":\"https:\/\/gulserenongun.com\/kisisel-verilerin-korunmasi-ve-veri-guvenligi\/#primaryimage\",\"url\":\"https:\/\/gulserenongun.com\/wp-content\/uploads\/2025\/10\/res1a.jpg\",\"contentUrl\":\"https:\/\/gulserenongun.com\/wp-content\/uploads\/2025\/10\/res1a.jpg\"},{\"@type\":\"BreadcrumbList\",\"@id\":\"https:\/\/gulserenongun.com\/kisisel-verilerin-korunmasi-ve-veri-guvenligi\/#breadcrumb\",\"itemListElement\":[{\"@type\":\"ListItem\",\"position\":1,\"name\":\"Home\",\"item\":\"https:\/\/gulserenongun.com\/\"},{\"@type\":\"ListItem\",\"position\":2,\"name\":\"Ki\u015fisel Verilerin Korunmas\u0131 ve Veri G\u00fcvenli\u011fi\"}]},{\"@type\":\"WebSite\",\"@id\":\"https:\/\/gulserenongun.com\/#website\",\"url\":\"https:\/\/gulserenongun.com\/\",\"name\":\"G\u00dcLSEREN \u00d6NG\u00dcN\",\"description\":\"\",\"publisher\":{\"@id\":\"https:\/\/gulserenongun.com\/#organization\"},\"potentialAction\":[{\"@type\":\"SearchAction\",\"target\":{\"@type\":\"EntryPoint\",\"urlTemplate\":\"https:\/\/gulserenongun.com\/?s={search_term_string}\"},\"query-input\":{\"@type\":\"PropertyValueSpecification\",\"valueRequired\":true,\"valueName\":\"search_term_string\"}}],\"inLanguage\":\"fr-FR\"},{\"@type\":\"Organization\",\"@id\":\"https:\/\/gulserenongun.com\/#organization\",\"name\":\"G\u00dcLSEREN \u00d6NG\u00dcN\",\"url\":\"https:\/\/gulserenongun.com\/\",\"logo\":{\"@type\":\"ImageObject\",\"inLanguage\":\"fr-FR\",\"@id\":\"https:\/\/gulserenongun.com\/#\/schema\/logo\/image\/\",\"url\":\"https:\/\/gulserenongun.com\/wp-content\/uploads\/2025\/07\/daniel-stenholm-ZGYWhxaiMOc-unsplash-scaled.jpg\",\"contentUrl\":\"https:\/\/gulserenongun.com\/wp-content\/uploads\/2025\/07\/daniel-stenholm-ZGYWhxaiMOc-unsplash-scaled.jpg\",\"width\":2560,\"height\":1919,\"caption\":\"G\u00dcLSEREN \u00d6NG\u00dcN\"},\"image\":{\"@id\":\"https:\/\/gulserenongun.com\/#\/schema\/logo\/image\/\"}}]}<\/script>\n<!-- \/ Yoast SEO plugin. -->","yoast_head_json":{"title":"Ki\u015fisel Verilerin Korunmas\u0131 ve Veri G\u00fcvenli\u011fi - G\u00dcLSEREN \u00d6NG\u00dcN","robots":{"index":"index","follow":"follow","max-snippet":"max-snippet:-1","max-image-preview":"max-image-preview:large","max-video-preview":"max-video-preview:-1"},"canonical":"https:\/\/gulserenongun.com\/fr\/protection-des-donnees-personnelles-et-securite-des-donnees\/","og_locale":"fr_FR","og_type":"article","og_title":"Ki\u015fisel Verilerin Korunmas\u0131 ve Veri G\u00fcvenli\u011fi - G\u00dcLSEREN \u00d6NG\u00dcN","og_description":"Ki\u015fisel Verilerin Korunmas\u0131 ve Veri G\u00fcvenli\u011fi Ger\u00e7ek ve t\u00fczel ki\u015filere y\u00f6nelik KVKK, GDPR ve ilgili t\u00fcm mevzuata tam uyum hizmeti [&hellip;]","og_url":"https:\/\/gulserenongun.com\/fr\/protection-des-donnees-personnelles-et-securite-des-donnees\/","og_site_name":"G\u00dcLSEREN \u00d6NG\u00dcN","article_modified_time":"2025-12-20T09:21:21+00:00","og_image":[{"width":1419,"height":1069,"url":"https:\/\/gulserenongun.com\/wp-content\/uploads\/2025\/10\/res1a.jpg","type":"image\/jpeg"}],"twitter_card":"summary_large_image","twitter_misc":{"Dur\u00e9e de lecture estim\u00e9e":"1 minute"},"schema":{"@context":"https:\/\/schema.org","@graph":[{"@type":"WebPage","@id":"https:\/\/gulserenongun.com\/kisisel-verilerin-korunmasi-ve-veri-guvenligi\/","url":"https:\/\/gulserenongun.com\/kisisel-verilerin-korunmasi-ve-veri-guvenligi\/","name":"Ki\u015fisel Verilerin Korunmas\u0131 ve Veri G\u00fcvenli\u011fi - G\u00dcLSEREN \u00d6NG\u00dcN","isPartOf":{"@id":"https:\/\/gulserenongun.com\/#website"},"primaryImageOfPage":{"@id":"https:\/\/gulserenongun.com\/kisisel-verilerin-korunmasi-ve-veri-guvenligi\/#primaryimage"},"image":{"@id":"https:\/\/gulserenongun.com\/kisisel-verilerin-korunmasi-ve-veri-guvenligi\/#primaryimage"},"thumbnailUrl":"https:\/\/gulserenongun.com\/wp-content\/uploads\/2025\/10\/res1a.jpg","datePublished":"2025-12-20T09:20:17+00:00","dateModified":"2025-12-20T09:21:21+00:00","breadcrumb":{"@id":"https:\/\/gulserenongun.com\/kisisel-verilerin-korunmasi-ve-veri-guvenligi\/#breadcrumb"},"inLanguage":"fr-FR","potentialAction":[{"@type":"ReadAction","target":["https:\/\/gulserenongun.com\/kisisel-verilerin-korunmasi-ve-veri-guvenligi\/"]}]},{"@type":"ImageObject","inLanguage":"fr-FR","@id":"https:\/\/gulserenongun.com\/kisisel-verilerin-korunmasi-ve-veri-guvenligi\/#primaryimage","url":"https:\/\/gulserenongun.com\/wp-content\/uploads\/2025\/10\/res1a.jpg","contentUrl":"https:\/\/gulserenongun.com\/wp-content\/uploads\/2025\/10\/res1a.jpg"},{"@type":"BreadcrumbList","@id":"https:\/\/gulserenongun.com\/kisisel-verilerin-korunmasi-ve-veri-guvenligi\/#breadcrumb","itemListElement":[{"@type":"ListItem","position":1,"name":"Home","item":"https:\/\/gulserenongun.com\/"},{"@type":"ListItem","position":2,"name":"Ki\u015fisel Verilerin Korunmas\u0131 ve Veri G\u00fcvenli\u011fi"}]},{"@type":"WebSite","@id":"https:\/\/gulserenongun.com\/#website","url":"https:\/\/gulserenongun.com\/","name":"G\u00dcLSEREN \u00d6NG\u00dcN","description":"","publisher":{"@id":"https:\/\/gulserenongun.com\/#organization"},"potentialAction":[{"@type":"SearchAction","target":{"@type":"EntryPoint","urlTemplate":"https:\/\/gulserenongun.com\/?s={search_term_string}"},"query-input":{"@type":"PropertyValueSpecification","valueRequired":true,"valueName":"search_term_string"}}],"inLanguage":"fr-FR"},{"@type":"Organization","@id":"https:\/\/gulserenongun.com\/#organization","name":"G\u00dcLSEREN \u00d6NG\u00dcN","url":"https:\/\/gulserenongun.com\/","logo":{"@type":"ImageObject","inLanguage":"fr-FR","@id":"https:\/\/gulserenongun.com\/#\/schema\/logo\/image\/","url":"https:\/\/gulserenongun.com\/wp-content\/uploads\/2025\/07\/daniel-stenholm-ZGYWhxaiMOc-unsplash-scaled.jpg","contentUrl":"https:\/\/gulserenongun.com\/wp-content\/uploads\/2025\/07\/daniel-stenholm-ZGYWhxaiMOc-unsplash-scaled.jpg","width":2560,"height":1919,"caption":"G\u00dcLSEREN \u00d6NG\u00dcN"},"image":{"@id":"https:\/\/gulserenongun.com\/#\/schema\/logo\/image\/"}}]}},"_links":{"self":[{"href":"https:\/\/gulserenongun.com\/fr\/wp-json\/wp\/v2\/pages\/2522","targetHints":{"allow":["GET"]}}],"collection":[{"href":"https:\/\/gulserenongun.com\/fr\/wp-json\/wp\/v2\/pages"}],"about":[{"href":"https:\/\/gulserenongun.com\/fr\/wp-json\/wp\/v2\/types\/page"}],"author":[{"embeddable":true,"href":"https:\/\/gulserenongun.com\/fr\/wp-json\/wp\/v2\/users\/1"}],"replies":[{"embeddable":true,"href":"https:\/\/gulserenongun.com\/fr\/wp-json\/wp\/v2\/comments?post=2522"}],"version-history":[{"count":5,"href":"https:\/\/gulserenongun.com\/fr\/wp-json\/wp\/v2\/pages\/2522\/revisions"}],"predecessor-version":[{"id":2528,"href":"https:\/\/gulserenongun.com\/fr\/wp-json\/wp\/v2\/pages\/2522\/revisions\/2528"}],"wp:attachment":[{"href":"https:\/\/gulserenongun.com\/fr\/wp-json\/wp\/v2\/media?parent=2522"}],"curies":[{"name":"wp","href":"https:\/\/api.w.org\/{rel}","templated":true}]}}