{"id":2552,"date":"2025-12-20T09:28:14","date_gmt":"2025-12-20T09:28:14","guid":{"rendered":"https:\/\/gulserenongun.com\/?page_id=2552"},"modified":"2025-12-20T09:29:13","modified_gmt":"2025-12-20T09:29:13","slug":"investissements-de-demarrage-et-de-capital-risque","status":"publish","type":"page","link":"https:\/\/gulserenongun.com\/fr\/start-up-ve-girisim-yatirimlari\/","title":{"rendered":"Start-up et investissements entrepreneuriaux"},"content":{"rendered":"<div data-elementor-type=\"wp-page\" data-elementor-id=\"2552\" class=\"elementor elementor-2552\">\n\t\t\t\t<div class=\"elementor-element elementor-element-6eee929 e-flex e-con-boxed e-con e-parent\" data-id=\"6eee929\" data-element_type=\"container\" data-e-type=\"container\">\n\t\t\t\t\t<div class=\"e-con-inner\">\n\t\t\t\t<div class=\"elementor-element elementor-element-593417b elementor-widget elementor-widget-html\" data-id=\"593417b\" data-element_type=\"widget\" data-e-type=\"widget\" data-widget_type=\"html.default\">\n\t\t\t\t\t<div class=\"policy-doc\">\r\n    <h2>Start-up et investissements entrepreneuriaux<\/h2>\r\n    \r\n    \r\n    Nous accompagnons les start-ups tout au long de leur cycle de vie, de la cr\u00e9ation jusqu\u2019\u00e0 la liquidation, en leur fournissant un soutien juridique complet. Nous g\u00e9rons la constitution des soci\u00e9t\u00e9s, la r\u00e9daction des statuts et des accords d\u2019actionnaires, les plans d\u2019options sur actions (POA), ainsi que la mise en place d\u2019instruments d\u2019investissement, et autres. Nous supervisons toutes les \u00e9tapes d\u2019investissement, depuis le financement initial jusqu\u2019aux investissements \u00ab Seri A\/B\/C \u00bb et suivants, y compris la due diligence, les cessions de parts, les augmentations de capital et la pr\u00e9paration et n\u00e9gociation des contrats de financement, au nom des fondateurs comme des investisseurs.\r\n\r\n    <br><br>\r\n    \r\n    Nous accompagnons \u00e9galement la cr\u00e9ation et la structuration des fonds de capital-risque et de \u00ab private equity \u00bb en Turquie, ainsi que les d\u00e9marches d\u2019autorisation aupr\u00e8s de l\u2019Autorit\u00e9 des march\u00e9s financiers (SPK). Nous r\u00e9digeons des contrats \u00e9quilibr\u00e9s pour les investissements de portefeuille, les op\u00e9rations de prise de participation ou d\u2019acquisition, les droits de gestion, ainsi que des clauses, actions pr\u00e9f\u00e9rentielles liquides, clause de non-concurrence. Le cabinet fournit aussi une repr\u00e9sentation juridique lors des strat\u00e9gies de sortie, fusions, ventes et introductions en bourse.\r\n\r\n    <br><br>\r\n    \r\n    Nous offrons \u00e9galement un conseil r\u00e9gulier sur la gouvernance quotidienne, les op\u00e9rations du conseil d\u2019administration et de l\u2019assembl\u00e9e g\u00e9n\u00e9rale, les plans d\u2019action, les \u00e9valuations en droit de la concurrence et les restructurations, visant \u00e0 cr\u00e9er un cadre juridique transparent, applicable et protecteur pour les entrepreneurs et leurs investisseurs.\r\n\r\n    \r\n\r\n    \r\n    \r\n<\/div>\r\n\t\t\t\t<\/div>\n\t\t\t\t\t<\/div>\n\t\t\t\t<\/div>\n\t\t<div class=\"elementor-element elementor-element-6e29735 e-con-full e-flex e-con e-parent\" data-id=\"6e29735\" data-element_type=\"container\" data-e-type=\"container\">\n\t\t\t\t<div class=\"elementor-element elementor-element-4827ecbb elementor-widget elementor-widget-image\" data-id=\"4827ecbb\" data-element_type=\"widget\" data-e-type=\"widget\" data-widget_type=\"image.default\">\n\t\t\t\t\t\t\t\t\t\t\t\t\t\t\t<img fetchpriority=\"high\" decoding=\"async\" width=\"1419\" height=\"1069\" src=\"https:\/\/gulserenongun.com\/wp-content\/uploads\/2025\/10\/res1a.jpg\" class=\"attachment-full size-full wp-image-1887\" alt=\"\" srcset=\"https:\/\/gulserenongun.com\/wp-content\/uploads\/2025\/10\/res1a.jpg 1419w, https:\/\/gulserenongun.com\/wp-content\/uploads\/2025\/10\/res1a-300x226.jpg 300w, https:\/\/gulserenongun.com\/wp-content\/uploads\/2025\/10\/res1a-1024x771.jpg 1024w, https:\/\/gulserenongun.com\/wp-content\/uploads\/2025\/10\/res1a-768x579.jpg 768w, https:\/\/gulserenongun.com\/wp-content\/uploads\/2025\/10\/res1a-16x12.jpg 16w\" sizes=\"(max-width: 1419px) 100vw, 1419px\" \/>\t\t\t\t\t\t\t\t\t\t\t\t\t\t\t<\/div>\n\t\t\t\t<\/div>\n\t\t\t\t<\/div>","protected":false},"excerpt":{"rendered":"<p>Start-up ve Giri\u015fim Yat\u0131r\u0131mlar\u0131 Start-up\u2019lar\u0131n kurulu\u015fundan \u00e7\u0131k\u0131\u015f a\u015famas\u0131na kadar ge\u00e7en t\u00fcm ya\u015fam d\u00f6ng\u00fcs\u00fcnde hukuki destek sa\u011fl\u0131yoruz. \u015eirket kurulu\u015fu, esas s\u00f6zle\u015fme [&hellip;]<\/p>\n","protected":false},"author":1,"featured_media":0,"parent":0,"menu_order":0,"comment_status":"closed","ping_status":"closed","template":"","meta":{"site-sidebar-layout":"no-sidebar","site-content-layout":"","ast-site-content-layout":"full-width-container","site-content-style":"default","site-sidebar-style":"default","ast-global-header-display":"","ast-banner-title-visibility":"","ast-main-header-display":"","ast-hfb-above-header-display":"","ast-hfb-below-header-display":"","ast-hfb-mobile-header-display":"","site-post-title":"disabled","ast-breadcrumbs-content":"","ast-featured-img":"disabled","footer-sml-layout":"","ast-disable-related-posts":"","theme-transparent-header-meta":"","adv-header-id-meta":"","stick-header-meta":"","header-above-stick-meta":"","header-main-stick-meta":"","header-below-stick-meta":"","astra-migrate-meta-layouts":"default","ast-page-background-enabled":"default","ast-page-background-meta":{"desktop":{"background-color":"var(--ast-global-color-5)","background-image":"","background-repeat":"repeat","background-position":"center center","background-size":"auto","background-attachment":"scroll","background-type":"","background-media":"","overlay-type":"","overlay-color":"","overlay-opacity":"","overlay-gradient":""},"tablet":{"background-color":"","background-image":"","background-repeat":"repeat","background-position":"center center","background-size":"auto","background-attachment":"scroll","background-type":"","background-media":"","overlay-type":"","overlay-color":"","overlay-opacity":"","overlay-gradient":""},"mobile":{"background-color":"","background-image":"","background-repeat":"repeat","background-position":"center center","background-size":"auto","background-attachment":"scroll","background-type":"","background-media":"","overlay-type":"","overlay-color":"","overlay-opacity":"","overlay-gradient":""}},"ast-content-background-meta":{"desktop":{"background-color":"var(--ast-global-color-4)","background-image":"","background-repeat":"repeat","background-position":"center center","background-size":"auto","background-attachment":"scroll","background-type":"","background-media":"","overlay-type":"","overlay-color":"","overlay-opacity":"","overlay-gradient":""},"tablet":{"background-color":"var(--ast-global-color-4)","background-image":"","background-repeat":"repeat","background-position":"center center","background-size":"auto","background-attachment":"scroll","background-type":"","background-media":"","overlay-type":"","overlay-color":"","overlay-opacity":"","overlay-gradient":""},"mobile":{"background-color":"var(--ast-global-color-4)","background-image":"","background-repeat":"repeat","background-position":"center center","background-size":"auto","background-attachment":"scroll","background-type":"","background-media":"","overlay-type":"","overlay-color":"","overlay-opacity":"","overlay-gradient":""}},"footnotes":""},"class_list":["post-2552","page","type-page","status-publish","hentry"],"yoast_head":"<!-- This site is optimized with the Yoast SEO plugin v27.2 - https:\/\/yoast.com\/product\/yoast-seo-wordpress\/ -->\n<title>Start-up ve Giri\u015fim Yat\u0131r\u0131mlar\u0131 - G\u00dcLSEREN \u00d6NG\u00dcN<\/title>\n<meta name=\"robots\" content=\"index, follow, max-snippet:-1, max-image-preview:large, max-video-preview:-1\" \/>\n<link rel=\"canonical\" href=\"https:\/\/gulserenongun.com\/fr\/investissements-de-demarrage-et-de-capital-risque\/\" \/>\n<meta property=\"og:locale\" content=\"fr_FR\" \/>\n<meta property=\"og:type\" content=\"article\" \/>\n<meta property=\"og:title\" content=\"Start-up ve Giri\u015fim Yat\u0131r\u0131mlar\u0131 - G\u00dcLSEREN \u00d6NG\u00dcN\" \/>\n<meta property=\"og:description\" content=\"Start-up ve Giri\u015fim Yat\u0131r\u0131mlar\u0131 Start-up\u2019lar\u0131n kurulu\u015fundan \u00e7\u0131k\u0131\u015f a\u015famas\u0131na kadar ge\u00e7en t\u00fcm ya\u015fam d\u00f6ng\u00fcs\u00fcnde hukuki destek sa\u011fl\u0131yoruz. \u015eirket kurulu\u015fu, esas s\u00f6zle\u015fme [&hellip;]\" \/>\n<meta property=\"og:url\" content=\"https:\/\/gulserenongun.com\/fr\/investissements-de-demarrage-et-de-capital-risque\/\" \/>\n<meta property=\"og:site_name\" content=\"G\u00dcLSEREN \u00d6NG\u00dcN\" \/>\n<meta property=\"article:modified_time\" content=\"2025-12-20T09:29:13+00:00\" \/>\n<meta property=\"og:image\" content=\"https:\/\/gulserenongun.com\/wp-content\/uploads\/2025\/10\/res1a.jpg\" \/>\n\t<meta property=\"og:image:width\" content=\"1419\" \/>\n\t<meta property=\"og:image:height\" content=\"1069\" \/>\n\t<meta property=\"og:image:type\" content=\"image\/jpeg\" \/>\n<meta name=\"twitter:card\" content=\"summary_large_image\" \/>\n<meta name=\"twitter:label1\" content=\"Dur\u00e9e de lecture estim\u00e9e\" \/>\n\t<meta name=\"twitter:data1\" content=\"1 minute\" \/>\n<script type=\"application\/ld+json\" class=\"yoast-schema-graph\">{\"@context\":\"https:\/\/schema.org\",\"@graph\":[{\"@type\":\"WebPage\",\"@id\":\"https:\/\/gulserenongun.com\/start-up-ve-girisim-yatirimlari\/\",\"url\":\"https:\/\/gulserenongun.com\/start-up-ve-girisim-yatirimlari\/\",\"name\":\"Start-up ve Giri\u015fim Yat\u0131r\u0131mlar\u0131 - G\u00dcLSEREN \u00d6NG\u00dcN\",\"isPartOf\":{\"@id\":\"https:\/\/gulserenongun.com\/#website\"},\"primaryImageOfPage\":{\"@id\":\"https:\/\/gulserenongun.com\/start-up-ve-girisim-yatirimlari\/#primaryimage\"},\"image\":{\"@id\":\"https:\/\/gulserenongun.com\/start-up-ve-girisim-yatirimlari\/#primaryimage\"},\"thumbnailUrl\":\"https:\/\/gulserenongun.com\/wp-content\/uploads\/2025\/10\/res1a.jpg\",\"datePublished\":\"2025-12-20T09:28:14+00:00\",\"dateModified\":\"2025-12-20T09:29:13+00:00\",\"breadcrumb\":{\"@id\":\"https:\/\/gulserenongun.com\/start-up-ve-girisim-yatirimlari\/#breadcrumb\"},\"inLanguage\":\"fr-FR\",\"potentialAction\":[{\"@type\":\"ReadAction\",\"target\":[\"https:\/\/gulserenongun.com\/start-up-ve-girisim-yatirimlari\/\"]}]},{\"@type\":\"ImageObject\",\"inLanguage\":\"fr-FR\",\"@id\":\"https:\/\/gulserenongun.com\/start-up-ve-girisim-yatirimlari\/#primaryimage\",\"url\":\"https:\/\/gulserenongun.com\/wp-content\/uploads\/2025\/10\/res1a.jpg\",\"contentUrl\":\"https:\/\/gulserenongun.com\/wp-content\/uploads\/2025\/10\/res1a.jpg\"},{\"@type\":\"BreadcrumbList\",\"@id\":\"https:\/\/gulserenongun.com\/start-up-ve-girisim-yatirimlari\/#breadcrumb\",\"itemListElement\":[{\"@type\":\"ListItem\",\"position\":1,\"name\":\"Home\",\"item\":\"https:\/\/gulserenongun.com\/\"},{\"@type\":\"ListItem\",\"position\":2,\"name\":\"Start-up ve Giri\u015fim Yat\u0131r\u0131mlar\u0131\"}]},{\"@type\":\"WebSite\",\"@id\":\"https:\/\/gulserenongun.com\/#website\",\"url\":\"https:\/\/gulserenongun.com\/\",\"name\":\"G\u00dcLSEREN \u00d6NG\u00dcN\",\"description\":\"\",\"publisher\":{\"@id\":\"https:\/\/gulserenongun.com\/#organization\"},\"potentialAction\":[{\"@type\":\"SearchAction\",\"target\":{\"@type\":\"EntryPoint\",\"urlTemplate\":\"https:\/\/gulserenongun.com\/?s={search_term_string}\"},\"query-input\":{\"@type\":\"PropertyValueSpecification\",\"valueRequired\":true,\"valueName\":\"search_term_string\"}}],\"inLanguage\":\"fr-FR\"},{\"@type\":\"Organization\",\"@id\":\"https:\/\/gulserenongun.com\/#organization\",\"name\":\"G\u00dcLSEREN \u00d6NG\u00dcN\",\"url\":\"https:\/\/gulserenongun.com\/\",\"logo\":{\"@type\":\"ImageObject\",\"inLanguage\":\"fr-FR\",\"@id\":\"https:\/\/gulserenongun.com\/#\/schema\/logo\/image\/\",\"url\":\"https:\/\/gulserenongun.com\/wp-content\/uploads\/2025\/07\/daniel-stenholm-ZGYWhxaiMOc-unsplash-scaled.jpg\",\"contentUrl\":\"https:\/\/gulserenongun.com\/wp-content\/uploads\/2025\/07\/daniel-stenholm-ZGYWhxaiMOc-unsplash-scaled.jpg\",\"width\":2560,\"height\":1919,\"caption\":\"G\u00dcLSEREN \u00d6NG\u00dcN\"},\"image\":{\"@id\":\"https:\/\/gulserenongun.com\/#\/schema\/logo\/image\/\"}}]}<\/script>\n<!-- \/ Yoast SEO plugin. -->","yoast_head_json":{"title":"Start-up ve Giri\u015fim Yat\u0131r\u0131mlar\u0131 - G\u00dcLSEREN \u00d6NG\u00dcN","robots":{"index":"index","follow":"follow","max-snippet":"max-snippet:-1","max-image-preview":"max-image-preview:large","max-video-preview":"max-video-preview:-1"},"canonical":"https:\/\/gulserenongun.com\/fr\/investissements-de-demarrage-et-de-capital-risque\/","og_locale":"fr_FR","og_type":"article","og_title":"Start-up ve Giri\u015fim Yat\u0131r\u0131mlar\u0131 - G\u00dcLSEREN \u00d6NG\u00dcN","og_description":"Start-up ve Giri\u015fim Yat\u0131r\u0131mlar\u0131 Start-up\u2019lar\u0131n kurulu\u015fundan \u00e7\u0131k\u0131\u015f a\u015famas\u0131na kadar ge\u00e7en t\u00fcm ya\u015fam d\u00f6ng\u00fcs\u00fcnde hukuki destek sa\u011fl\u0131yoruz. \u015eirket kurulu\u015fu, esas s\u00f6zle\u015fme [&hellip;]","og_url":"https:\/\/gulserenongun.com\/fr\/investissements-de-demarrage-et-de-capital-risque\/","og_site_name":"G\u00dcLSEREN \u00d6NG\u00dcN","article_modified_time":"2025-12-20T09:29:13+00:00","og_image":[{"width":1419,"height":1069,"url":"https:\/\/gulserenongun.com\/wp-content\/uploads\/2025\/10\/res1a.jpg","type":"image\/jpeg"}],"twitter_card":"summary_large_image","twitter_misc":{"Dur\u00e9e de lecture estim\u00e9e":"1 minute"},"schema":{"@context":"https:\/\/schema.org","@graph":[{"@type":"WebPage","@id":"https:\/\/gulserenongun.com\/start-up-ve-girisim-yatirimlari\/","url":"https:\/\/gulserenongun.com\/start-up-ve-girisim-yatirimlari\/","name":"Start-up ve Giri\u015fim Yat\u0131r\u0131mlar\u0131 - G\u00dcLSEREN \u00d6NG\u00dcN","isPartOf":{"@id":"https:\/\/gulserenongun.com\/#website"},"primaryImageOfPage":{"@id":"https:\/\/gulserenongun.com\/start-up-ve-girisim-yatirimlari\/#primaryimage"},"image":{"@id":"https:\/\/gulserenongun.com\/start-up-ve-girisim-yatirimlari\/#primaryimage"},"thumbnailUrl":"https:\/\/gulserenongun.com\/wp-content\/uploads\/2025\/10\/res1a.jpg","datePublished":"2025-12-20T09:28:14+00:00","dateModified":"2025-12-20T09:29:13+00:00","breadcrumb":{"@id":"https:\/\/gulserenongun.com\/start-up-ve-girisim-yatirimlari\/#breadcrumb"},"inLanguage":"fr-FR","potentialAction":[{"@type":"ReadAction","target":["https:\/\/gulserenongun.com\/start-up-ve-girisim-yatirimlari\/"]}]},{"@type":"ImageObject","inLanguage":"fr-FR","@id":"https:\/\/gulserenongun.com\/start-up-ve-girisim-yatirimlari\/#primaryimage","url":"https:\/\/gulserenongun.com\/wp-content\/uploads\/2025\/10\/res1a.jpg","contentUrl":"https:\/\/gulserenongun.com\/wp-content\/uploads\/2025\/10\/res1a.jpg"},{"@type":"BreadcrumbList","@id":"https:\/\/gulserenongun.com\/start-up-ve-girisim-yatirimlari\/#breadcrumb","itemListElement":[{"@type":"ListItem","position":1,"name":"Home","item":"https:\/\/gulserenongun.com\/"},{"@type":"ListItem","position":2,"name":"Start-up ve Giri\u015fim Yat\u0131r\u0131mlar\u0131"}]},{"@type":"WebSite","@id":"https:\/\/gulserenongun.com\/#website","url":"https:\/\/gulserenongun.com\/","name":"G\u00dcLSEREN \u00d6NG\u00dcN","description":"","publisher":{"@id":"https:\/\/gulserenongun.com\/#organization"},"potentialAction":[{"@type":"SearchAction","target":{"@type":"EntryPoint","urlTemplate":"https:\/\/gulserenongun.com\/?s={search_term_string}"},"query-input":{"@type":"PropertyValueSpecification","valueRequired":true,"valueName":"search_term_string"}}],"inLanguage":"fr-FR"},{"@type":"Organization","@id":"https:\/\/gulserenongun.com\/#organization","name":"G\u00dcLSEREN \u00d6NG\u00dcN","url":"https:\/\/gulserenongun.com\/","logo":{"@type":"ImageObject","inLanguage":"fr-FR","@id":"https:\/\/gulserenongun.com\/#\/schema\/logo\/image\/","url":"https:\/\/gulserenongun.com\/wp-content\/uploads\/2025\/07\/daniel-stenholm-ZGYWhxaiMOc-unsplash-scaled.jpg","contentUrl":"https:\/\/gulserenongun.com\/wp-content\/uploads\/2025\/07\/daniel-stenholm-ZGYWhxaiMOc-unsplash-scaled.jpg","width":2560,"height":1919,"caption":"G\u00dcLSEREN \u00d6NG\u00dcN"},"image":{"@id":"https:\/\/gulserenongun.com\/#\/schema\/logo\/image\/"}}]}},"_links":{"self":[{"href":"https:\/\/gulserenongun.com\/fr\/wp-json\/wp\/v2\/pages\/2552","targetHints":{"allow":["GET"]}}],"collection":[{"href":"https:\/\/gulserenongun.com\/fr\/wp-json\/wp\/v2\/pages"}],"about":[{"href":"https:\/\/gulserenongun.com\/fr\/wp-json\/wp\/v2\/types\/page"}],"author":[{"embeddable":true,"href":"https:\/\/gulserenongun.com\/fr\/wp-json\/wp\/v2\/users\/1"}],"replies":[{"embeddable":true,"href":"https:\/\/gulserenongun.com\/fr\/wp-json\/wp\/v2\/comments?post=2552"}],"version-history":[{"count":5,"href":"https:\/\/gulserenongun.com\/fr\/wp-json\/wp\/v2\/pages\/2552\/revisions"}],"predecessor-version":[{"id":2558,"href":"https:\/\/gulserenongun.com\/fr\/wp-json\/wp\/v2\/pages\/2552\/revisions\/2558"}],"wp:attachment":[{"href":"https:\/\/gulserenongun.com\/fr\/wp-json\/wp\/v2\/media?parent=2552"}],"curies":[{"name":"wp","href":"https:\/\/api.w.org\/{rel}","templated":true}]}}