{"id":2582,"date":"2025-12-20T09:35:00","date_gmt":"2025-12-20T09:35:00","guid":{"rendered":"https:\/\/gulserenongun.com\/?page_id=2582"},"modified":"2025-12-20T09:37:54","modified_gmt":"2025-12-20T09:37:54","slug":"conseil-en-droit-fiscal","status":"publish","type":"page","link":"https:\/\/gulserenongun.com\/fr\/vergi-hukuku-danismanligi\/","title":{"rendered":"Conseil en droit fiscal"},"content":{"rendered":"<div data-elementor-type=\"wp-page\" data-elementor-id=\"2582\" class=\"elementor elementor-2582\">\n\t\t\t\t<div class=\"elementor-element elementor-element-64d80217 e-flex e-con-boxed e-con e-parent\" data-id=\"64d80217\" data-element_type=\"container\" data-e-type=\"container\">\n\t\t\t\t\t<div class=\"e-con-inner\">\n\t\t\t\t<div class=\"elementor-element elementor-element-333a3a1 elementor-widget elementor-widget-html\" data-id=\"333a3a1\" data-element_type=\"widget\" data-e-type=\"widget\" data-widget_type=\"html.default\">\n\t\t\t\t\t<div class=\"policy-doc\">\r\n    <h2>Conseil en droit fiscal<\/h2>\r\n    \r\n    \r\n    Nous proposons des services de conseil qui prennent en compte la structure juridique et financi\u00e8re des transactions commerciales, en \u00e9valuant les cons\u00e9quences fiscales des op\u00e9rations commerciales ainsi que les risques potentiels. Dans ce cadre, nous accompagnons la d\u00e9termination et la mise en \u0153uvre de mod\u00e8les de restructuration pr\u00e9vus par le droit des soci\u00e9t\u00e9s, tels que les fusions, acquisitions, scissions totales ou partielles, changements de forme juridique et transferts d\u2019actifs, en assurant la conformit\u00e9 juridique et fiscale.\r\n\r\n    <br><br>\r\n    \r\n    Nos services incluent \u00e9galement l\u2019information et l\u2019orientation sur les litiges fiscaux auxquels les contribuables peuvent \u00eatre confront\u00e9s, le suivi des \u00e9volutions l\u00e9gislatives, ainsi que l\u2019analyse des risques fiscaux pouvant survenir dans le cadre des activit\u00e9s commerciales.\r\n\r\n    <br><br>\r\n    \r\n    Nous fournissons \u00e9galement des conseils sur l\u2019examen des bilans des soci\u00e9t\u00e9s conform\u00e9ment au Code commercial turc n\u00b06102, afin d\u2019identifier des situations de faillite ou d\u2019insolvabilit\u00e9 et d\u2019\u00e9valuer les solutions juridiques possibles pour y rem\u00e9dier, en tenant compte de leurs implications fiscales.\r\n\r\n    \r\n\r\n    \r\n    \r\n<\/div>\r\n\t\t\t\t<\/div>\n\t\t\t\t<div class=\"elementor-element elementor-element-750b53c elementor-widget elementor-widget-html\" data-id=\"750b53c\" data-element_type=\"widget\" data-e-type=\"widget\" data-widget_type=\"html.default\">\n\t\t\t\t\t<div class=\"policy-doc\">\r\n    <h4>Assistance juridique en mati\u00e8re de litiges fiscaux et douaniers<\/h4>\r\n    \r\n    \r\n    Nous accompagnons nos clients depuis le d\u00e9but des contr\u00f4les fiscaux jusqu\u2019\u00e0 la r\u00e9solution des litiges fiscaux qui peuvent en d\u00e9couler. Dans ce cadre, nos services comprennent : le soutien technique et juridique lors des contr\u00f4les fiscaux, l\u2019\u00e9valuation juridique et technique des rapports d\u2019audit, la soumission de recours devant la Commission d\u2019\u00e9valuation des rapports, ainsi que l\u2019assistance dans les proc\u00e9dures de conciliation pr\u00e9 et post-imposition.\r\n\r\n    <br><br>\r\n    \r\n    En cas d\u2019\u00e9chec de la conciliation, nous assurons le suivi des recours judiciaires contre les d\u00e9cisions contraignantes de l\u2019administration et la gestion des proc\u00e9dures de recours individuels devant la Cour constitutionnelle (Anayasa Mahkemesi).\r\n\r\n    <br><br>\r\n    \r\n    Nous offrons \u00e9galement un soutien juridique concernant les litiges douaniers, notamment la pr\u00e9paration de m\u00e9moires d\u2019opposition aux d\u00e9cisions de taxation suppl\u00e9mentaires ou aux amendes administratives \u00e9mises \u00e0 l\u2019issue des contr\u00f4les douaniers, la gestion des proc\u00e9dures d\u2019opposition et le suivi des proc\u00e9dures judiciaires en mati\u00e8re douani\u00e8re.\r\n\r\n    \r\n\r\n    \r\n    \r\n<\/div>\r\n\t\t\t\t<\/div>\n\t\t\t\t\t<\/div>\n\t\t\t\t<\/div>\n\t\t<div class=\"elementor-element elementor-element-7d990646 e-con-full e-flex e-con e-parent\" data-id=\"7d990646\" data-element_type=\"container\" data-e-type=\"container\">\n\t\t\t\t<div class=\"elementor-element elementor-element-3537b998 elementor-widget elementor-widget-image\" data-id=\"3537b998\" data-element_type=\"widget\" data-e-type=\"widget\" data-widget_type=\"image.default\">\n\t\t\t\t\t\t\t\t\t\t\t\t\t\t\t<img fetchpriority=\"high\" decoding=\"async\" width=\"1419\" height=\"1069\" src=\"https:\/\/gulserenongun.com\/wp-content\/uploads\/2025\/10\/res1a.jpg\" class=\"attachment-full size-full wp-image-1887\" alt=\"\" srcset=\"https:\/\/gulserenongun.com\/wp-content\/uploads\/2025\/10\/res1a.jpg 1419w, https:\/\/gulserenongun.com\/wp-content\/uploads\/2025\/10\/res1a-300x226.jpg 300w, https:\/\/gulserenongun.com\/wp-content\/uploads\/2025\/10\/res1a-1024x771.jpg 1024w, https:\/\/gulserenongun.com\/wp-content\/uploads\/2025\/10\/res1a-768x579.jpg 768w, https:\/\/gulserenongun.com\/wp-content\/uploads\/2025\/10\/res1a-16x12.jpg 16w\" sizes=\"(max-width: 1419px) 100vw, 1419px\" \/>\t\t\t\t\t\t\t\t\t\t\t\t\t\t\t<\/div>\n\t\t\t\t<\/div>\n\t\t\t\t<\/div>","protected":false},"excerpt":{"rendered":"<p>Vergi Hukuku Dan\u0131\u015fmanl\u0131\u011f\u0131 \u015eirketlerin hukuki ve mali yap\u0131lar\u0131n\u0131 dikkate alarak, ticari i\u015flemlerin vergisel sonu\u00e7lar\u0131n\u0131 ve potansiyel risklerini de\u011ferlendiren dan\u0131\u015fmanl\u0131k hizmetleri [&hellip;]<\/p>\n","protected":false},"author":1,"featured_media":0,"parent":0,"menu_order":0,"comment_status":"closed","ping_status":"closed","template":"","meta":{"site-sidebar-layout":"no-sidebar","site-content-layout":"","ast-site-content-layout":"full-width-container","site-content-style":"default","site-sidebar-style":"default","ast-global-header-display":"","ast-banner-title-visibility":"","ast-main-header-display":"","ast-hfb-above-header-display":"","ast-hfb-below-header-display":"","ast-hfb-mobile-header-display":"","site-post-title":"disabled","ast-breadcrumbs-content":"","ast-featured-img":"disabled","footer-sml-layout":"","ast-disable-related-posts":"","theme-transparent-header-meta":"","adv-header-id-meta":"","stick-header-meta":"","header-above-stick-meta":"","header-main-stick-meta":"","header-below-stick-meta":"","astra-migrate-meta-layouts":"default","ast-page-background-enabled":"default","ast-page-background-meta":{"desktop":{"background-color":"var(--ast-global-color-5)","background-image":"","background-repeat":"repeat","background-position":"center center","background-size":"auto","background-attachment":"scroll","background-type":"","background-media":"","overlay-type":"","overlay-color":"","overlay-opacity":"","overlay-gradient":""},"tablet":{"background-color":"","background-image":"","background-repeat":"repeat","background-position":"center center","background-size":"auto","background-attachment":"scroll","background-type":"","background-media":"","overlay-type":"","overlay-color":"","overlay-opacity":"","overlay-gradient":""},"mobile":{"background-color":"","background-image":"","background-repeat":"repeat","background-position":"center center","background-size":"auto","background-attachment":"scroll","background-type":"","background-media":"","overlay-type":"","overlay-color":"","overlay-opacity":"","overlay-gradient":""}},"ast-content-background-meta":{"desktop":{"background-color":"var(--ast-global-color-4)","background-image":"","background-repeat":"repeat","background-position":"center center","background-size":"auto","background-attachment":"scroll","background-type":"","background-media":"","overlay-type":"","overlay-color":"","overlay-opacity":"","overlay-gradient":""},"tablet":{"background-color":"var(--ast-global-color-4)","background-image":"","background-repeat":"repeat","background-position":"center center","background-size":"auto","background-attachment":"scroll","background-type":"","background-media":"","overlay-type":"","overlay-color":"","overlay-opacity":"","overlay-gradient":""},"mobile":{"background-color":"var(--ast-global-color-4)","background-image":"","background-repeat":"repeat","background-position":"center center","background-size":"auto","background-attachment":"scroll","background-type":"","background-media":"","overlay-type":"","overlay-color":"","overlay-opacity":"","overlay-gradient":""}},"footnotes":""},"class_list":["post-2582","page","type-page","status-publish","hentry"],"yoast_head":"<!-- This site is optimized with the Yoast SEO plugin v27.2 - https:\/\/yoast.com\/product\/yoast-seo-wordpress\/ -->\n<title>Vergi Hukuku Dan\u0131\u015fmanl\u0131\u011f\u0131 - G\u00dcLSEREN \u00d6NG\u00dcN<\/title>\n<meta name=\"robots\" content=\"index, follow, max-snippet:-1, max-image-preview:large, max-video-preview:-1\" \/>\n<link rel=\"canonical\" href=\"https:\/\/gulserenongun.com\/fr\/conseil-en-droit-fiscal\/\" \/>\n<meta property=\"og:locale\" content=\"fr_FR\" \/>\n<meta property=\"og:type\" content=\"article\" \/>\n<meta property=\"og:title\" content=\"Vergi Hukuku Dan\u0131\u015fmanl\u0131\u011f\u0131 - G\u00dcLSEREN \u00d6NG\u00dcN\" \/>\n<meta property=\"og:description\" content=\"Vergi Hukuku Dan\u0131\u015fmanl\u0131\u011f\u0131 \u015eirketlerin hukuki ve mali yap\u0131lar\u0131n\u0131 dikkate alarak, ticari i\u015flemlerin vergisel sonu\u00e7lar\u0131n\u0131 ve potansiyel risklerini de\u011ferlendiren dan\u0131\u015fmanl\u0131k hizmetleri [&hellip;]\" \/>\n<meta property=\"og:url\" content=\"https:\/\/gulserenongun.com\/fr\/conseil-en-droit-fiscal\/\" \/>\n<meta property=\"og:site_name\" content=\"G\u00dcLSEREN \u00d6NG\u00dcN\" \/>\n<meta property=\"article:modified_time\" content=\"2025-12-20T09:37:54+00:00\" \/>\n<meta property=\"og:image\" content=\"https:\/\/gulserenongun.com\/wp-content\/uploads\/2025\/10\/res1a.jpg\" \/>\n\t<meta property=\"og:image:width\" content=\"1419\" \/>\n\t<meta property=\"og:image:height\" content=\"1069\" \/>\n\t<meta property=\"og:image:type\" content=\"image\/jpeg\" \/>\n<meta name=\"twitter:card\" content=\"summary_large_image\" \/>\n<meta name=\"twitter:label1\" content=\"Dur\u00e9e de lecture estim\u00e9e\" \/>\n\t<meta name=\"twitter:data1\" content=\"2 minutes\" \/>\n<script type=\"application\/ld+json\" class=\"yoast-schema-graph\">{\"@context\":\"https:\/\/schema.org\",\"@graph\":[{\"@type\":\"WebPage\",\"@id\":\"https:\/\/gulserenongun.com\/vergi-hukuku-danismanligi\/\",\"url\":\"https:\/\/gulserenongun.com\/vergi-hukuku-danismanligi\/\",\"name\":\"Vergi Hukuku Dan\u0131\u015fmanl\u0131\u011f\u0131 - G\u00dcLSEREN \u00d6NG\u00dcN\",\"isPartOf\":{\"@id\":\"https:\/\/gulserenongun.com\/#website\"},\"primaryImageOfPage\":{\"@id\":\"https:\/\/gulserenongun.com\/vergi-hukuku-danismanligi\/#primaryimage\"},\"image\":{\"@id\":\"https:\/\/gulserenongun.com\/vergi-hukuku-danismanligi\/#primaryimage\"},\"thumbnailUrl\":\"https:\/\/gulserenongun.com\/wp-content\/uploads\/2025\/10\/res1a.jpg\",\"datePublished\":\"2025-12-20T09:35:00+00:00\",\"dateModified\":\"2025-12-20T09:37:54+00:00\",\"breadcrumb\":{\"@id\":\"https:\/\/gulserenongun.com\/vergi-hukuku-danismanligi\/#breadcrumb\"},\"inLanguage\":\"fr-FR\",\"potentialAction\":[{\"@type\":\"ReadAction\",\"target\":[\"https:\/\/gulserenongun.com\/vergi-hukuku-danismanligi\/\"]}]},{\"@type\":\"ImageObject\",\"inLanguage\":\"fr-FR\",\"@id\":\"https:\/\/gulserenongun.com\/vergi-hukuku-danismanligi\/#primaryimage\",\"url\":\"https:\/\/gulserenongun.com\/wp-content\/uploads\/2025\/10\/res1a.jpg\",\"contentUrl\":\"https:\/\/gulserenongun.com\/wp-content\/uploads\/2025\/10\/res1a.jpg\"},{\"@type\":\"BreadcrumbList\",\"@id\":\"https:\/\/gulserenongun.com\/vergi-hukuku-danismanligi\/#breadcrumb\",\"itemListElement\":[{\"@type\":\"ListItem\",\"position\":1,\"name\":\"Home\",\"item\":\"https:\/\/gulserenongun.com\/\"},{\"@type\":\"ListItem\",\"position\":2,\"name\":\"Vergi Hukuku Dan\u0131\u015fmanl\u0131\u011f\u0131\"}]},{\"@type\":\"WebSite\",\"@id\":\"https:\/\/gulserenongun.com\/#website\",\"url\":\"https:\/\/gulserenongun.com\/\",\"name\":\"G\u00dcLSEREN \u00d6NG\u00dcN\",\"description\":\"\",\"publisher\":{\"@id\":\"https:\/\/gulserenongun.com\/#organization\"},\"potentialAction\":[{\"@type\":\"SearchAction\",\"target\":{\"@type\":\"EntryPoint\",\"urlTemplate\":\"https:\/\/gulserenongun.com\/?s={search_term_string}\"},\"query-input\":{\"@type\":\"PropertyValueSpecification\",\"valueRequired\":true,\"valueName\":\"search_term_string\"}}],\"inLanguage\":\"fr-FR\"},{\"@type\":\"Organization\",\"@id\":\"https:\/\/gulserenongun.com\/#organization\",\"name\":\"G\u00dcLSEREN \u00d6NG\u00dcN\",\"url\":\"https:\/\/gulserenongun.com\/\",\"logo\":{\"@type\":\"ImageObject\",\"inLanguage\":\"fr-FR\",\"@id\":\"https:\/\/gulserenongun.com\/#\/schema\/logo\/image\/\",\"url\":\"https:\/\/gulserenongun.com\/wp-content\/uploads\/2025\/07\/daniel-stenholm-ZGYWhxaiMOc-unsplash-scaled.jpg\",\"contentUrl\":\"https:\/\/gulserenongun.com\/wp-content\/uploads\/2025\/07\/daniel-stenholm-ZGYWhxaiMOc-unsplash-scaled.jpg\",\"width\":2560,\"height\":1919,\"caption\":\"G\u00dcLSEREN \u00d6NG\u00dcN\"},\"image\":{\"@id\":\"https:\/\/gulserenongun.com\/#\/schema\/logo\/image\/\"}}]}<\/script>\n<!-- \/ Yoast SEO plugin. -->","yoast_head_json":{"title":"Vergi Hukuku Dan\u0131\u015fmanl\u0131\u011f\u0131 - G\u00dcLSEREN \u00d6NG\u00dcN","robots":{"index":"index","follow":"follow","max-snippet":"max-snippet:-1","max-image-preview":"max-image-preview:large","max-video-preview":"max-video-preview:-1"},"canonical":"https:\/\/gulserenongun.com\/fr\/conseil-en-droit-fiscal\/","og_locale":"fr_FR","og_type":"article","og_title":"Vergi Hukuku Dan\u0131\u015fmanl\u0131\u011f\u0131 - G\u00dcLSEREN \u00d6NG\u00dcN","og_description":"Vergi Hukuku Dan\u0131\u015fmanl\u0131\u011f\u0131 \u015eirketlerin hukuki ve mali yap\u0131lar\u0131n\u0131 dikkate alarak, ticari i\u015flemlerin vergisel sonu\u00e7lar\u0131n\u0131 ve potansiyel risklerini de\u011ferlendiren dan\u0131\u015fmanl\u0131k hizmetleri [&hellip;]","og_url":"https:\/\/gulserenongun.com\/fr\/conseil-en-droit-fiscal\/","og_site_name":"G\u00dcLSEREN \u00d6NG\u00dcN","article_modified_time":"2025-12-20T09:37:54+00:00","og_image":[{"width":1419,"height":1069,"url":"https:\/\/gulserenongun.com\/wp-content\/uploads\/2025\/10\/res1a.jpg","type":"image\/jpeg"}],"twitter_card":"summary_large_image","twitter_misc":{"Dur\u00e9e de lecture estim\u00e9e":"2 minutes"},"schema":{"@context":"https:\/\/schema.org","@graph":[{"@type":"WebPage","@id":"https:\/\/gulserenongun.com\/vergi-hukuku-danismanligi\/","url":"https:\/\/gulserenongun.com\/vergi-hukuku-danismanligi\/","name":"Vergi Hukuku Dan\u0131\u015fmanl\u0131\u011f\u0131 - G\u00dcLSEREN \u00d6NG\u00dcN","isPartOf":{"@id":"https:\/\/gulserenongun.com\/#website"},"primaryImageOfPage":{"@id":"https:\/\/gulserenongun.com\/vergi-hukuku-danismanligi\/#primaryimage"},"image":{"@id":"https:\/\/gulserenongun.com\/vergi-hukuku-danismanligi\/#primaryimage"},"thumbnailUrl":"https:\/\/gulserenongun.com\/wp-content\/uploads\/2025\/10\/res1a.jpg","datePublished":"2025-12-20T09:35:00+00:00","dateModified":"2025-12-20T09:37:54+00:00","breadcrumb":{"@id":"https:\/\/gulserenongun.com\/vergi-hukuku-danismanligi\/#breadcrumb"},"inLanguage":"fr-FR","potentialAction":[{"@type":"ReadAction","target":["https:\/\/gulserenongun.com\/vergi-hukuku-danismanligi\/"]}]},{"@type":"ImageObject","inLanguage":"fr-FR","@id":"https:\/\/gulserenongun.com\/vergi-hukuku-danismanligi\/#primaryimage","url":"https:\/\/gulserenongun.com\/wp-content\/uploads\/2025\/10\/res1a.jpg","contentUrl":"https:\/\/gulserenongun.com\/wp-content\/uploads\/2025\/10\/res1a.jpg"},{"@type":"BreadcrumbList","@id":"https:\/\/gulserenongun.com\/vergi-hukuku-danismanligi\/#breadcrumb","itemListElement":[{"@type":"ListItem","position":1,"name":"Home","item":"https:\/\/gulserenongun.com\/"},{"@type":"ListItem","position":2,"name":"Vergi Hukuku Dan\u0131\u015fmanl\u0131\u011f\u0131"}]},{"@type":"WebSite","@id":"https:\/\/gulserenongun.com\/#website","url":"https:\/\/gulserenongun.com\/","name":"G\u00dcLSEREN \u00d6NG\u00dcN","description":"","publisher":{"@id":"https:\/\/gulserenongun.com\/#organization"},"potentialAction":[{"@type":"SearchAction","target":{"@type":"EntryPoint","urlTemplate":"https:\/\/gulserenongun.com\/?s={search_term_string}"},"query-input":{"@type":"PropertyValueSpecification","valueRequired":true,"valueName":"search_term_string"}}],"inLanguage":"fr-FR"},{"@type":"Organization","@id":"https:\/\/gulserenongun.com\/#organization","name":"G\u00dcLSEREN \u00d6NG\u00dcN","url":"https:\/\/gulserenongun.com\/","logo":{"@type":"ImageObject","inLanguage":"fr-FR","@id":"https:\/\/gulserenongun.com\/#\/schema\/logo\/image\/","url":"https:\/\/gulserenongun.com\/wp-content\/uploads\/2025\/07\/daniel-stenholm-ZGYWhxaiMOc-unsplash-scaled.jpg","contentUrl":"https:\/\/gulserenongun.com\/wp-content\/uploads\/2025\/07\/daniel-stenholm-ZGYWhxaiMOc-unsplash-scaled.jpg","width":2560,"height":1919,"caption":"G\u00dcLSEREN \u00d6NG\u00dcN"},"image":{"@id":"https:\/\/gulserenongun.com\/#\/schema\/logo\/image\/"}}]}},"_links":{"self":[{"href":"https:\/\/gulserenongun.com\/fr\/wp-json\/wp\/v2\/pages\/2582","targetHints":{"allow":["GET"]}}],"collection":[{"href":"https:\/\/gulserenongun.com\/fr\/wp-json\/wp\/v2\/pages"}],"about":[{"href":"https:\/\/gulserenongun.com\/fr\/wp-json\/wp\/v2\/types\/page"}],"author":[{"embeddable":true,"href":"https:\/\/gulserenongun.com\/fr\/wp-json\/wp\/v2\/users\/1"}],"replies":[{"embeddable":true,"href":"https:\/\/gulserenongun.com\/fr\/wp-json\/wp\/v2\/comments?post=2582"}],"version-history":[{"count":11,"href":"https:\/\/gulserenongun.com\/fr\/wp-json\/wp\/v2\/pages\/2582\/revisions"}],"predecessor-version":[{"id":2597,"href":"https:\/\/gulserenongun.com\/fr\/wp-json\/wp\/v2\/pages\/2582\/revisions\/2597"}],"wp:attachment":[{"href":"https:\/\/gulserenongun.com\/fr\/wp-json\/wp\/v2\/media?parent=2582"}],"curies":[{"name":"wp","href":"https:\/\/api.w.org\/{rel}","templated":true}]}}