{"id":2631,"date":"2025-12-20T09:47:46","date_gmt":"2025-12-20T09:47:46","guid":{"rendered":"https:\/\/gulserenongun.com\/?page_id=2631"},"modified":"2025-12-20T09:48:46","modified_gmt":"2025-12-20T09:48:46","slug":"conseil-en-matiere-de-conformite-au-droit-anti-corruption-et-au-droit-des-sanctions","status":"publish","type":"page","link":"https:\/\/gulserenongun.com\/fr\/yolsuzlukla-mucadele-anti-corruption-ve-yaptirimlar-hukuku-uyum-danismanligi\/","title":{"rendered":"Conseil en mati\u00e8re de lutte anticorruption et sanctions p\u00e9nales"},"content":{"rendered":"<div data-elementor-type=\"wp-page\" data-elementor-id=\"2631\" class=\"elementor elementor-2631\">\n\t\t\t\t<div class=\"elementor-element elementor-element-1eb578bc e-flex e-con-boxed e-con e-parent\" data-id=\"1eb578bc\" data-element_type=\"container\" data-e-type=\"container\">\n\t\t\t\t\t<div class=\"e-con-inner\">\n\t\t\t\t<div class=\"elementor-element elementor-element-331a1440 elementor-widget elementor-widget-html\" data-id=\"331a1440\" data-element_type=\"widget\" data-e-type=\"widget\" data-widget_type=\"html.default\">\n\t\t\t\t\t<div class=\"policy-doc\">\r\n    <h2>Conseil en mati\u00e8re de lutte anticorruption et sanctions p\u00e9nales<\/h2>\r\n    \r\n    \r\n    L\u2019expansion des activit\u00e9s \u00e9conomiques mondiales oblige les entreprises \u00e0 se conformer pleinement aux r\u00e9glementations internationales en mati\u00e8re de lutte contre la corruption ainsi qu\u2019aux r\u00e8gles \u00e9thiques internes. Les r\u00e9glementations strictes des principaux partenaires commerciaux de la Turquie, qui sont notamment les \u00c9tats-Unis et l\u2019Union europ\u00e9enne, font de cette conformit\u00e9 une obligation l\u00e9gale pour les entreprises turques. De plus, l\u2019encadrement de plus en plus strict des r\u00e9gimes de sanctions expose les personnes physiques et morales \u00e0 des risques juridiques s\u00e9rieux. Dans ce contexte, anticiper les risques et garantir la s\u00e9curit\u00e9 juridique de nos clients est notre priorit\u00e9.\r\n\r\n    <br><br>\r\n    \r\n    \u00c0 cette fin, notre cabinet con\u00e7oit des programmes de conformit\u00e9 anticorruption adapt\u00e9s aux besoins sp\u00e9cifiques de chaque client. Ces programmes comprennent :\nL\u2019identification d\u00e9taill\u00e9e des risques de corruption propres \u00e0 chaque entreprise,\nL\u2019\u00e9laboration de politiques anticorruption conformes aux r\u00e9glementations internationales,\nLa mise en place de mesures pr\u00e9ventives pour les employ\u00e9s et les partenaires commerciaux, bas\u00e9es sur l\u2019\u00e9valuation des risques internes,\r\n\r\n    <br><br>\r\n    \r\n    Un \u00e9l\u00e9ment cl\u00e9 de ces programmes est la formation des collaborateurs, visant \u00e0 renforcer leur sensibilisation, leur engagement et leur contribution \u00e0 la lutte contre la corruption.\nNous adoptons une approche personnalis\u00e9e et factuelle, en tenant compte de l\u2019absence de jurisprudence \u00e9tablie dans ce domaine, afin d\u2019\u00e9valuer chaque dossier selon ses particularit\u00e9s. Ce programme global transforme la lutte contre la corruption en politique d\u2019entreprise durable, et permet ainsi de minimiser les risques juridiques de nos clients.\r\n\r\n    \r\n\r\n    \r\n    \r\n<\/div>\r\n\t\t\t\t<\/div>\n\t\t\t\t\t<\/div>\n\t\t\t\t<\/div>\n\t\t<div class=\"elementor-element elementor-element-1b93b1e8 e-con-full e-flex e-con e-parent\" data-id=\"1b93b1e8\" data-element_type=\"container\" data-e-type=\"container\">\n\t\t\t\t<div class=\"elementor-element elementor-element-4cb2846c elementor-widget elementor-widget-image\" data-id=\"4cb2846c\" data-element_type=\"widget\" data-e-type=\"widget\" data-widget_type=\"image.default\">\n\t\t\t\t\t\t\t\t\t\t\t\t\t\t\t<img fetchpriority=\"high\" decoding=\"async\" width=\"1419\" height=\"1069\" src=\"https:\/\/gulserenongun.com\/wp-content\/uploads\/2025\/10\/res1a.jpg\" class=\"attachment-full size-full wp-image-1887\" alt=\"\" srcset=\"https:\/\/gulserenongun.com\/wp-content\/uploads\/2025\/10\/res1a.jpg 1419w, https:\/\/gulserenongun.com\/wp-content\/uploads\/2025\/10\/res1a-300x226.jpg 300w, https:\/\/gulserenongun.com\/wp-content\/uploads\/2025\/10\/res1a-1024x771.jpg 1024w, https:\/\/gulserenongun.com\/wp-content\/uploads\/2025\/10\/res1a-768x579.jpg 768w, https:\/\/gulserenongun.com\/wp-content\/uploads\/2025\/10\/res1a-16x12.jpg 16w\" sizes=\"(max-width: 1419px) 100vw, 1419px\" \/>\t\t\t\t\t\t\t\t\t\t\t\t\t\t\t<\/div>\n\t\t\t\t<\/div>\n\t\t\t\t<\/div>","protected":false},"excerpt":{"rendered":"<p>Yolsuzlukla M\u00fccadele (Anti-Corruption) ve Yapt\u0131r\u0131mlar Hukuku Uyum Dan\u0131\u015fmanl\u0131\u011f\u0131 K\u00fcresel ekonomik faaliyetlerin geni\u015flemesi, \u015firketleri uluslararas\u0131 d\u00fczeyde yolsuzlukla m\u00fccadele mevzuat\u0131na ve \u015firket [&hellip;]<\/p>\n","protected":false},"author":1,"featured_media":0,"parent":0,"menu_order":0,"comment_status":"closed","ping_status":"closed","template":"","meta":{"site-sidebar-layout":"no-sidebar","site-content-layout":"","ast-site-content-layout":"full-width-container","site-content-style":"default","site-sidebar-style":"default","ast-global-header-display":"","ast-banner-title-visibility":"","ast-main-header-display":"","ast-hfb-above-header-display":"","ast-hfb-below-header-display":"","ast-hfb-mobile-header-display":"","site-post-title":"disabled","ast-breadcrumbs-content":"","ast-featured-img":"disabled","footer-sml-layout":"","ast-disable-related-posts":"","theme-transparent-header-meta":"","adv-header-id-meta":"","stick-header-meta":"","header-above-stick-meta":"","header-main-stick-meta":"","header-below-stick-meta":"","astra-migrate-meta-layouts":"default","ast-page-background-enabled":"default","ast-page-background-meta":{"desktop":{"background-color":"var(--ast-global-color-5)","background-image":"","background-repeat":"repeat","background-position":"center center","background-size":"auto","background-attachment":"scroll","background-type":"","background-media":"","overlay-type":"","overlay-color":"","overlay-opacity":"","overlay-gradient":""},"tablet":{"background-color":"","background-image":"","background-repeat":"repeat","background-position":"center center","background-size":"auto","background-attachment":"scroll","background-type":"","background-media":"","overlay-type":"","overlay-color":"","overlay-opacity":"","overlay-gradient":""},"mobile":{"background-color":"","background-image":"","background-repeat":"repeat","background-position":"center center","background-size":"auto","background-attachment":"scroll","background-type":"","background-media":"","overlay-type":"","overlay-color":"","overlay-opacity":"","overlay-gradient":""}},"ast-content-background-meta":{"desktop":{"background-color":"var(--ast-global-color-4)","background-image":"","background-repeat":"repeat","background-position":"center center","background-size":"auto","background-attachment":"scroll","background-type":"","background-media":"","overlay-type":"","overlay-color":"","overlay-opacity":"","overlay-gradient":""},"tablet":{"background-color":"var(--ast-global-color-4)","background-image":"","background-repeat":"repeat","background-position":"center center","background-size":"auto","background-attachment":"scroll","background-type":"","background-media":"","overlay-type":"","overlay-color":"","overlay-opacity":"","overlay-gradient":""},"mobile":{"background-color":"var(--ast-global-color-4)","background-image":"","background-repeat":"repeat","background-position":"center center","background-size":"auto","background-attachment":"scroll","background-type":"","background-media":"","overlay-type":"","overlay-color":"","overlay-opacity":"","overlay-gradient":""}},"footnotes":""},"class_list":["post-2631","page","type-page","status-publish","hentry"],"yoast_head":"<!-- This site is optimized with the Yoast SEO plugin v27.2 - https:\/\/yoast.com\/product\/yoast-seo-wordpress\/ -->\n<title>Yolsuzlukla M\u00fccadele (Anti-Corruption) ve Yapt\u0131r\u0131mlar Hukuku Uyum Dan\u0131\u015fmanl\u0131\u011f\u0131 - G\u00dcLSEREN \u00d6NG\u00dcN<\/title>\n<meta name=\"robots\" content=\"index, follow, max-snippet:-1, max-image-preview:large, max-video-preview:-1\" \/>\n<link rel=\"canonical\" href=\"https:\/\/gulserenongun.com\/fr\/conseil-en-matiere-de-conformite-au-droit-anti-corruption-et-au-droit-des-sanctions\/\" \/>\n<meta property=\"og:locale\" content=\"fr_FR\" \/>\n<meta property=\"og:type\" content=\"article\" \/>\n<meta property=\"og:title\" content=\"Yolsuzlukla M\u00fccadele (Anti-Corruption) ve Yapt\u0131r\u0131mlar Hukuku Uyum Dan\u0131\u015fmanl\u0131\u011f\u0131 - G\u00dcLSEREN \u00d6NG\u00dcN\" \/>\n<meta property=\"og:description\" content=\"Yolsuzlukla M\u00fccadele (Anti-Corruption) ve Yapt\u0131r\u0131mlar Hukuku Uyum Dan\u0131\u015fmanl\u0131\u011f\u0131 K\u00fcresel ekonomik faaliyetlerin geni\u015flemesi, \u015firketleri uluslararas\u0131 d\u00fczeyde yolsuzlukla m\u00fccadele mevzuat\u0131na ve \u015firket [&hellip;]\" \/>\n<meta property=\"og:url\" content=\"https:\/\/gulserenongun.com\/fr\/conseil-en-matiere-de-conformite-au-droit-anti-corruption-et-au-droit-des-sanctions\/\" \/>\n<meta property=\"og:site_name\" content=\"G\u00dcLSEREN \u00d6NG\u00dcN\" \/>\n<meta property=\"article:modified_time\" content=\"2025-12-20T09:48:46+00:00\" \/>\n<meta property=\"og:image\" content=\"https:\/\/gulserenongun.com\/wp-content\/uploads\/2025\/10\/res1a.jpg\" \/>\n\t<meta property=\"og:image:width\" content=\"1419\" \/>\n\t<meta property=\"og:image:height\" content=\"1069\" \/>\n\t<meta property=\"og:image:type\" content=\"image\/jpeg\" \/>\n<meta name=\"twitter:card\" content=\"summary_large_image\" \/>\n<meta name=\"twitter:label1\" content=\"Dur\u00e9e de lecture estim\u00e9e\" \/>\n\t<meta name=\"twitter:data1\" content=\"1 minute\" \/>\n<script type=\"application\/ld+json\" class=\"yoast-schema-graph\">{\"@context\":\"https:\/\/schema.org\",\"@graph\":[{\"@type\":\"WebPage\",\"@id\":\"https:\/\/gulserenongun.com\/yolsuzlukla-mucadele-anti-corruption-ve-yaptirimlar-hukuku-uyum-danismanligi\/\",\"url\":\"https:\/\/gulserenongun.com\/yolsuzlukla-mucadele-anti-corruption-ve-yaptirimlar-hukuku-uyum-danismanligi\/\",\"name\":\"Yolsuzlukla M\u00fccadele (Anti-Corruption) ve Yapt\u0131r\u0131mlar Hukuku Uyum Dan\u0131\u015fmanl\u0131\u011f\u0131 - G\u00dcLSEREN \u00d6NG\u00dcN\",\"isPartOf\":{\"@id\":\"https:\/\/gulserenongun.com\/#website\"},\"primaryImageOfPage\":{\"@id\":\"https:\/\/gulserenongun.com\/yolsuzlukla-mucadele-anti-corruption-ve-yaptirimlar-hukuku-uyum-danismanligi\/#primaryimage\"},\"image\":{\"@id\":\"https:\/\/gulserenongun.com\/yolsuzlukla-mucadele-anti-corruption-ve-yaptirimlar-hukuku-uyum-danismanligi\/#primaryimage\"},\"thumbnailUrl\":\"https:\/\/gulserenongun.com\/wp-content\/uploads\/2025\/10\/res1a.jpg\",\"datePublished\":\"2025-12-20T09:47:46+00:00\",\"dateModified\":\"2025-12-20T09:48:46+00:00\",\"breadcrumb\":{\"@id\":\"https:\/\/gulserenongun.com\/yolsuzlukla-mucadele-anti-corruption-ve-yaptirimlar-hukuku-uyum-danismanligi\/#breadcrumb\"},\"inLanguage\":\"fr-FR\",\"potentialAction\":[{\"@type\":\"ReadAction\",\"target\":[\"https:\/\/gulserenongun.com\/yolsuzlukla-mucadele-anti-corruption-ve-yaptirimlar-hukuku-uyum-danismanligi\/\"]}]},{\"@type\":\"ImageObject\",\"inLanguage\":\"fr-FR\",\"@id\":\"https:\/\/gulserenongun.com\/yolsuzlukla-mucadele-anti-corruption-ve-yaptirimlar-hukuku-uyum-danismanligi\/#primaryimage\",\"url\":\"https:\/\/gulserenongun.com\/wp-content\/uploads\/2025\/10\/res1a.jpg\",\"contentUrl\":\"https:\/\/gulserenongun.com\/wp-content\/uploads\/2025\/10\/res1a.jpg\"},{\"@type\":\"BreadcrumbList\",\"@id\":\"https:\/\/gulserenongun.com\/yolsuzlukla-mucadele-anti-corruption-ve-yaptirimlar-hukuku-uyum-danismanligi\/#breadcrumb\",\"itemListElement\":[{\"@type\":\"ListItem\",\"position\":1,\"name\":\"Home\",\"item\":\"https:\/\/gulserenongun.com\/\"},{\"@type\":\"ListItem\",\"position\":2,\"name\":\"Yolsuzlukla M\u00fccadele (Anti-Corruption) ve Yapt\u0131r\u0131mlar Hukuku Uyum Dan\u0131\u015fmanl\u0131\u011f\u0131\"}]},{\"@type\":\"WebSite\",\"@id\":\"https:\/\/gulserenongun.com\/#website\",\"url\":\"https:\/\/gulserenongun.com\/\",\"name\":\"G\u00dcLSEREN \u00d6NG\u00dcN\",\"description\":\"\",\"publisher\":{\"@id\":\"https:\/\/gulserenongun.com\/#organization\"},\"potentialAction\":[{\"@type\":\"SearchAction\",\"target\":{\"@type\":\"EntryPoint\",\"urlTemplate\":\"https:\/\/gulserenongun.com\/?s={search_term_string}\"},\"query-input\":{\"@type\":\"PropertyValueSpecification\",\"valueRequired\":true,\"valueName\":\"search_term_string\"}}],\"inLanguage\":\"fr-FR\"},{\"@type\":\"Organization\",\"@id\":\"https:\/\/gulserenongun.com\/#organization\",\"name\":\"G\u00dcLSEREN \u00d6NG\u00dcN\",\"url\":\"https:\/\/gulserenongun.com\/\",\"logo\":{\"@type\":\"ImageObject\",\"inLanguage\":\"fr-FR\",\"@id\":\"https:\/\/gulserenongun.com\/#\/schema\/logo\/image\/\",\"url\":\"https:\/\/gulserenongun.com\/wp-content\/uploads\/2025\/07\/daniel-stenholm-ZGYWhxaiMOc-unsplash-scaled.jpg\",\"contentUrl\":\"https:\/\/gulserenongun.com\/wp-content\/uploads\/2025\/07\/daniel-stenholm-ZGYWhxaiMOc-unsplash-scaled.jpg\",\"width\":2560,\"height\":1919,\"caption\":\"G\u00dcLSEREN \u00d6NG\u00dcN\"},\"image\":{\"@id\":\"https:\/\/gulserenongun.com\/#\/schema\/logo\/image\/\"}}]}<\/script>\n<!-- \/ Yoast SEO plugin. -->","yoast_head_json":{"title":"Yolsuzlukla M\u00fccadele (Anti-Corruption) ve Yapt\u0131r\u0131mlar Hukuku Uyum Dan\u0131\u015fmanl\u0131\u011f\u0131 - G\u00dcLSEREN \u00d6NG\u00dcN","robots":{"index":"index","follow":"follow","max-snippet":"max-snippet:-1","max-image-preview":"max-image-preview:large","max-video-preview":"max-video-preview:-1"},"canonical":"https:\/\/gulserenongun.com\/fr\/conseil-en-matiere-de-conformite-au-droit-anti-corruption-et-au-droit-des-sanctions\/","og_locale":"fr_FR","og_type":"article","og_title":"Yolsuzlukla M\u00fccadele (Anti-Corruption) ve Yapt\u0131r\u0131mlar Hukuku Uyum Dan\u0131\u015fmanl\u0131\u011f\u0131 - G\u00dcLSEREN \u00d6NG\u00dcN","og_description":"Yolsuzlukla M\u00fccadele (Anti-Corruption) ve Yapt\u0131r\u0131mlar Hukuku Uyum Dan\u0131\u015fmanl\u0131\u011f\u0131 K\u00fcresel ekonomik faaliyetlerin geni\u015flemesi, \u015firketleri uluslararas\u0131 d\u00fczeyde yolsuzlukla m\u00fccadele mevzuat\u0131na ve \u015firket [&hellip;]","og_url":"https:\/\/gulserenongun.com\/fr\/conseil-en-matiere-de-conformite-au-droit-anti-corruption-et-au-droit-des-sanctions\/","og_site_name":"G\u00dcLSEREN \u00d6NG\u00dcN","article_modified_time":"2025-12-20T09:48:46+00:00","og_image":[{"width":1419,"height":1069,"url":"https:\/\/gulserenongun.com\/wp-content\/uploads\/2025\/10\/res1a.jpg","type":"image\/jpeg"}],"twitter_card":"summary_large_image","twitter_misc":{"Dur\u00e9e de lecture estim\u00e9e":"1 minute"},"schema":{"@context":"https:\/\/schema.org","@graph":[{"@type":"WebPage","@id":"https:\/\/gulserenongun.com\/yolsuzlukla-mucadele-anti-corruption-ve-yaptirimlar-hukuku-uyum-danismanligi\/","url":"https:\/\/gulserenongun.com\/yolsuzlukla-mucadele-anti-corruption-ve-yaptirimlar-hukuku-uyum-danismanligi\/","name":"Yolsuzlukla M\u00fccadele (Anti-Corruption) ve Yapt\u0131r\u0131mlar Hukuku Uyum Dan\u0131\u015fmanl\u0131\u011f\u0131 - G\u00dcLSEREN \u00d6NG\u00dcN","isPartOf":{"@id":"https:\/\/gulserenongun.com\/#website"},"primaryImageOfPage":{"@id":"https:\/\/gulserenongun.com\/yolsuzlukla-mucadele-anti-corruption-ve-yaptirimlar-hukuku-uyum-danismanligi\/#primaryimage"},"image":{"@id":"https:\/\/gulserenongun.com\/yolsuzlukla-mucadele-anti-corruption-ve-yaptirimlar-hukuku-uyum-danismanligi\/#primaryimage"},"thumbnailUrl":"https:\/\/gulserenongun.com\/wp-content\/uploads\/2025\/10\/res1a.jpg","datePublished":"2025-12-20T09:47:46+00:00","dateModified":"2025-12-20T09:48:46+00:00","breadcrumb":{"@id":"https:\/\/gulserenongun.com\/yolsuzlukla-mucadele-anti-corruption-ve-yaptirimlar-hukuku-uyum-danismanligi\/#breadcrumb"},"inLanguage":"fr-FR","potentialAction":[{"@type":"ReadAction","target":["https:\/\/gulserenongun.com\/yolsuzlukla-mucadele-anti-corruption-ve-yaptirimlar-hukuku-uyum-danismanligi\/"]}]},{"@type":"ImageObject","inLanguage":"fr-FR","@id":"https:\/\/gulserenongun.com\/yolsuzlukla-mucadele-anti-corruption-ve-yaptirimlar-hukuku-uyum-danismanligi\/#primaryimage","url":"https:\/\/gulserenongun.com\/wp-content\/uploads\/2025\/10\/res1a.jpg","contentUrl":"https:\/\/gulserenongun.com\/wp-content\/uploads\/2025\/10\/res1a.jpg"},{"@type":"BreadcrumbList","@id":"https:\/\/gulserenongun.com\/yolsuzlukla-mucadele-anti-corruption-ve-yaptirimlar-hukuku-uyum-danismanligi\/#breadcrumb","itemListElement":[{"@type":"ListItem","position":1,"name":"Home","item":"https:\/\/gulserenongun.com\/"},{"@type":"ListItem","position":2,"name":"Yolsuzlukla M\u00fccadele (Anti-Corruption) ve Yapt\u0131r\u0131mlar Hukuku Uyum Dan\u0131\u015fmanl\u0131\u011f\u0131"}]},{"@type":"WebSite","@id":"https:\/\/gulserenongun.com\/#website","url":"https:\/\/gulserenongun.com\/","name":"G\u00dcLSEREN \u00d6NG\u00dcN","description":"","publisher":{"@id":"https:\/\/gulserenongun.com\/#organization"},"potentialAction":[{"@type":"SearchAction","target":{"@type":"EntryPoint","urlTemplate":"https:\/\/gulserenongun.com\/?s={search_term_string}"},"query-input":{"@type":"PropertyValueSpecification","valueRequired":true,"valueName":"search_term_string"}}],"inLanguage":"fr-FR"},{"@type":"Organization","@id":"https:\/\/gulserenongun.com\/#organization","name":"G\u00dcLSEREN \u00d6NG\u00dcN","url":"https:\/\/gulserenongun.com\/","logo":{"@type":"ImageObject","inLanguage":"fr-FR","@id":"https:\/\/gulserenongun.com\/#\/schema\/logo\/image\/","url":"https:\/\/gulserenongun.com\/wp-content\/uploads\/2025\/07\/daniel-stenholm-ZGYWhxaiMOc-unsplash-scaled.jpg","contentUrl":"https:\/\/gulserenongun.com\/wp-content\/uploads\/2025\/07\/daniel-stenholm-ZGYWhxaiMOc-unsplash-scaled.jpg","width":2560,"height":1919,"caption":"G\u00dcLSEREN \u00d6NG\u00dcN"},"image":{"@id":"https:\/\/gulserenongun.com\/#\/schema\/logo\/image\/"}}]}},"_links":{"self":[{"href":"https:\/\/gulserenongun.com\/fr\/wp-json\/wp\/v2\/pages\/2631","targetHints":{"allow":["GET"]}}],"collection":[{"href":"https:\/\/gulserenongun.com\/fr\/wp-json\/wp\/v2\/pages"}],"about":[{"href":"https:\/\/gulserenongun.com\/fr\/wp-json\/wp\/v2\/types\/page"}],"author":[{"embeddable":true,"href":"https:\/\/gulserenongun.com\/fr\/wp-json\/wp\/v2\/users\/1"}],"replies":[{"embeddable":true,"href":"https:\/\/gulserenongun.com\/fr\/wp-json\/wp\/v2\/comments?post=2631"}],"version-history":[{"count":5,"href":"https:\/\/gulserenongun.com\/fr\/wp-json\/wp\/v2\/pages\/2631\/revisions"}],"predecessor-version":[{"id":2637,"href":"https:\/\/gulserenongun.com\/fr\/wp-json\/wp\/v2\/pages\/2631\/revisions\/2637"}],"wp:attachment":[{"href":"https:\/\/gulserenongun.com\/fr\/wp-json\/wp\/v2\/media?parent=2631"}],"curies":[{"name":"wp","href":"https:\/\/api.w.org\/{rel}","templated":true}]}}